{"id":941,"date":"2025-04-23T20:51:36","date_gmt":"2025-04-23T18:51:36","guid":{"rendered":"http:\/\/localhost:8083\/?page_id=59"},"modified":"2025-04-23T20:51:36","modified_gmt":"2025-04-23T18:51:36","slug":"klima-und-wir","status":"publish","type":"page","link":"https:\/\/balkonsolarkiel.de\/index.php\/klima-und-wir\/","title":{"rendered":"Warum"},"content":{"rendered":"\n<p>Klimabewusst handeln kann einfach sein. Fakt ist, der Klimawandel ist da. Wir alle m\u00fcssen mehr Klimagase einsparen. Wir alle k\u00f6nnen so der Erderw\u00e4rmung etwas entgegensetzen. Jede und jeder ist gefragt. Auf Klima und wir wollen wir Menschen zeigen, die dies bereits tun und sich in ihrem Leben besser f\u00fchlen.&nbsp;<\/p>\n\n\n\n<p>Uns ist bewusst, dass das Verhalten von Einzelnen nur ein winziger Schritt zu einer lebenswerteren Welt ist. Wir ben\u00f6tigen politische Vorgaben und eine soziale Klimapolitik, die nicht ausgrenzt, sondern alle mitnimmt.<\/p>\n\n\n\n<figure class=\"wp-block-gallery has-nested-images columns-default is-cropped wp-block-gallery-1 is-layout-flex wp-block-gallery-is-layout-flex\">\n<figure class=\"wp-block-image size-large\"><img decoding=\"async\" data-id=\"72\" src=\"http:\/\/localhost:8083\/wp-content\/uploads\/2025\/04\/P1011088-01-1024x768.jpeg\" alt=\"\" class=\"wp-image-72\"\/><figcaption class=\"wp-element-caption\"><strong>Fahrrad und Bahn am Kieler Hauptbahnhof<\/strong><\/figcaption><\/figure>\n<\/figure>\n\n\n\n<p>Aber wir alle tragen Verantwortung. Selbst durch kleine Ver\u00e4nderungen unseres allt\u00e4glichen Verhaltens k\u00f6nnen wir Klimagase einsparen und sch\u00e4dliche CO2 Belastungen reduzieren. Gemeinsam werden wir dann einen nicht unerheblichen Beitrag leisten k\u00f6nnen. Das f\u00e4ngt beim Fahradfahren an und h\u00f6rt bei der Flugreise nicht auf. Energie aus erneuerbaren Quellen ist nur der Anfang. Das Reparieren der Waschmaschine geh\u00f6rt genauso dazu wie das Tauschen von Konsumg\u00fctern.<\/p>\n\n\n\n<p>Auf Klima und Wir wollen wir Erfahrungen beschreiben und Geschichten erz\u00e4hlen, die zum Mitmachen und Nachahmen auffordern! Denn jede und jeder ist gefragt!<\/p>\n\n\n\n<figure class=\"wp-block-gallery has-nested-images columns-default is-cropped wp-block-gallery-2 is-layout-flex wp-block-gallery-is-layout-flex\">\n<figure class=\"wp-block-image size-large\"><img decoding=\"async\" data-id=\"36\" src=\"http:\/\/localhost:8083\/wp-content\/uploads\/2025\/04\/P1010617-01-1024x768.jpeg\" alt=\"Veloroute 10\" class=\"wp-image-36\"\/><figcaption class=\"wp-element-caption\"><strong>Veloroute 10 und Bus bei Nacht<\/strong><\/figcaption><\/figure>\n<\/figure>\n\n\n\n<p><\/p>\n\n\n\n<p><\/p>\n","protected":false},"excerpt":{"rendered":"<p>Klimabewusst handeln kann einfach sein. Fakt ist, der Klimawandel ist da. Wir alle m\u00fcssen mehr Klimagase einsparen. Wir alle k\u00f6nnen so der Erderw\u00e4rmung etwas entgegensetzen. Jede und jeder ist gefragt. Auf Klima und wir wollen wir Menschen zeigen, die dies bereits tun und sich in ihrem Leben besser f\u00fchlen.&nbsp; Uns ist bewusst, dass das Verhalten [&hellip;]<\/p>\n","protected":false},"author":6,"featured_media":0,"parent":0,"menu_order":0,"comment_status":"closed","ping_status":"closed","template":"","meta":{"footnotes":""},"class_list":["post-941","page","type-page","status-publish","hentry"],"_links":{"self":[{"href":"https:\/\/balkonsolarkiel.de\/index.php\/wp-json\/wp\/v2\/pages\/941","targetHints":{"allow":["GET"]}}],"collection":[{"href":"https:\/\/balkonsolarkiel.de\/index.php\/wp-json\/wp\/v2\/pages"}],"about":[{"href":"https:\/\/balkonsolarkiel.de\/index.php\/wp-json\/wp\/v2\/types\/page"}],"author":[{"embeddable":true,"href":"https:\/\/balkonsolarkiel.de\/index.php\/wp-json\/wp\/v2\/users\/6"}],"replies":[{"embeddable":true,"href":"https:\/\/balkonsolarkiel.de\/index.php\/wp-json\/wp\/v2\/comments?post=941"}],"version-history":[{"count":0,"href":"https:\/\/balkonsolarkiel.de\/index.php\/wp-json\/wp\/v2\/pages\/941\/revisions"}],"wp:attachment":[{"href":"https:\/\/balkonsolarkiel.de\/index.php\/wp-json\/wp\/v2\/media?parent=941"}],"curies":[{"name":"wp","href":"https:\/\/api.w.org\/{rel}","templated":true}]}}