{"id":938,"date":"2025-04-15T19:17:20","date_gmt":"2025-04-15T17:17:20","guid":{"rendered":"http:\/\/localhost:8083\/?page_id=19"},"modified":"2025-04-15T19:17:20","modified_gmt":"2025-04-15T17:17:20","slug":"upcycling","status":"publish","type":"page","link":"https:\/\/balkonsolarkiel.de\/index.php\/upcycling\/","title":{"rendered":"Upcycling oder wie repariere ich eine Waschmaschine"},"content":{"rendered":"\n<p>Schei\u2026..benkleister. Die Waschmaschine w\u00e4scht nicht mehr. Diese Situation kennt bestimmt jeder von euch. Auch ich habe das vor einer Weile nicht zum ersten Mal erlebt. Doch diesmal bin ich mutig geworden. Verschrotten bleibt ja immer noch eine Option.<\/p>\n\n\n\n<p>Das WorldWideWeb als Schatzkiste gibt gro\u00dfz\u00fcgig Ratschl\u00e4ge. Die einfacheren Dinge wie Flusensieb reinigen, pr\u00fcfen, ob die Schl\u00e4uche abgeknickt sind etc. helfen leider nicht. Die Waschmaschine startet ganz normal, Wasserzu- und ablauf reibungslos, nur die Trommel f\u00e4ngt nicht an sich zu drehen. Diagnose nach Recherche bei diversen Ersatzteilshops, die nicht nur die passenden Ersatzteile anbieten, sondern auch wirklich gute Reparaturanleitungen EVTL VERLINKUNG VIDEO: vermutlich sind die Motorkohlen abgenutzt.<\/p>\n\n\n\n<p>Hierbei handelt es sich um ein Verschlei\u00dfteil, das (\u00e4hnlich wie klassische Bremsen vorne am Fahrrad) sich abnutzt. Ein ziemlich g\u00fcnstiges Ersatzteil (Kostenpunkt 13,98\u20ac), das aber bei Einbau durch eine Fachkraft den wirtschaftlichen Totalschaden f\u00fcr meine Waschmaschine bedeutet h\u00e4tte.<\/p>\n\n\n\n<p>Schlie\u00dflich lagen die neuen Motor-kohlen bei mir zu Hause. Ich muss gestehen, dass ich die Aufgabe dann doch noch einige Tage vor mir hergeschoben habe, weil ich Angst vor meiner eigenen Courage bekommen habe. Ich? Mit grade mal Basiskenntnissen wie dass man vor der Reparatur den Stecker ziehen muss? Ein Elektroger\u00e4t reparieren???<\/p>\n\n\n\n<p>Schlie\u00dflich blieb mit einer Wahrscheinlichkeit von gef\u00fchlt 80% die sog. Motor-kohlen als Ursache \u00fcbrig. Irgendwo in der Waschmaschine zu finden. Kostenpunkt 14,XX Euro. Daf\u00fcr ist es einen Versuch wert.<\/p>\n\n\n\n<p>Eine Bestellung beim Ersatzteilshop mit guten Erkl\u00e4rvideos (ja, ich wei\u00df, Onlineshopping ist auch so ein Thema, aber wo bitte bekommt man im station\u00e4ren Handel solche Teile???), und einen freien Tag sp\u00e4ter ging es los.<\/p>\n\n\n\n<p>Erst vor mir her geschoben<\/p>\n\n\n\n<p>doch \u00e4ngstlich ABER<\/p>\n\n\n\n<p><\/p>\n","protected":false},"excerpt":{"rendered":"<p>Schei\u2026..benkleister. Die Waschmaschine w\u00e4scht nicht mehr. Diese Situation kennt bestimmt jeder von euch. Auch ich habe das vor einer Weile nicht zum ersten Mal erlebt. Doch diesmal bin ich mutig geworden. Verschrotten bleibt ja immer noch eine Option. Das WorldWideWeb als Schatzkiste gibt gro\u00dfz\u00fcgig Ratschl\u00e4ge. Die einfacheren Dinge wie Flusensieb reinigen, pr\u00fcfen, ob die Schl\u00e4uche [&hellip;]<\/p>\n","protected":false},"author":6,"featured_media":103,"parent":0,"menu_order":0,"comment_status":"closed","ping_status":"closed","template":"","meta":{"footnotes":""},"class_list":["post-938","page","type-page","status-publish","has-post-thumbnail","hentry"],"_links":{"self":[{"href":"https:\/\/balkonsolarkiel.de\/index.php\/wp-json\/wp\/v2\/pages\/938","targetHints":{"allow":["GET"]}}],"collection":[{"href":"https:\/\/balkonsolarkiel.de\/index.php\/wp-json\/wp\/v2\/pages"}],"about":[{"href":"https:\/\/balkonsolarkiel.de\/index.php\/wp-json\/wp\/v2\/types\/page"}],"author":[{"embeddable":true,"href":"https:\/\/balkonsolarkiel.de\/index.php\/wp-json\/wp\/v2\/users\/6"}],"replies":[{"embeddable":true,"href":"https:\/\/balkonsolarkiel.de\/index.php\/wp-json\/wp\/v2\/comments?post=938"}],"version-history":[{"count":0,"href":"https:\/\/balkonsolarkiel.de\/index.php\/wp-json\/wp\/v2\/pages\/938\/revisions"}],"wp:featuredmedia":[{"embeddable":true,"href":"https:\/\/balkonsolarkiel.de\/index.php\/wp-json\/"}],"wp:attachment":[{"href":"https:\/\/balkonsolarkiel.de\/index.php\/wp-json\/wp\/v2\/media?parent=938"}],"curies":[{"name":"wp","href":"https:\/\/api.w.org\/{rel}","templated":true}]}}