{"id":89,"date":"2023-02-11T11:01:24","date_gmt":"2023-02-11T11:01:24","guid":{"rendered":"https:\/\/balkonsolarkiel.de\/?page_id=89"},"modified":"2023-04-07T10:20:16","modified_gmt":"2023-04-07T10:20:16","slug":"was-ist-was","status":"publish","type":"page","link":"https:\/\/balkonsolarkiel.de\/index.php\/was-ist-was\/","title":{"rendered":"Was ist Was?"},"content":{"rendered":"\n<p class=\"has-medium-font-size\"><strong>Was ist ein Solarmodul<\/strong><\/p>\n\n\n\n<p>Solarmodule erzeugen aus Sonnenlicht Strom. Sie bestehen aus vielen kleinen Solarzellen, die auf einer Plastik-Platte angebracht sind. Die meisten Solarmodule haben auf der R\u00fcckseite einen Aufkleber, auf dem ihre technischen Daten stehen. Multipliziert man Stromst\u00e4rke und Spannung, bekommt man die Leistung des Moduls als Wattzahl.<br>Kann z.B. ein Modul eine Spannung von 40V (Volt) bei einer Stromst\u00e4rke von 2A (Ampere) liefern, hat es eine Leistung von 80W (Watt, 40*2).<br>Kann es diese 80W eine Stunde lang liefern, so erzeugt es 80 Watt\/Stunde (= 0,08 Kilowatt\/Stunde kw\/h).<br><\/p>\n\n\n\n<figure class=\"wp-block-image size-large is-resized\"><a href=\"https:\/\/balkonsolarkiel.de\/wp-content\/uploads\/2023\/02\/IMG_20230210_130407-scaled.jpg\" target=\"_blank\" rel=\"noreferrer noopener\"><img loading=\"lazy\" decoding=\"async\" src=\"https:\/\/balkonsolarkiel.de\/wp-content\/uploads\/2023\/02\/IMG_20230210_130407-1024x768.jpg\" alt=\"\" class=\"wp-image-97\" width=\"768\" height=\"576\" srcset=\"https:\/\/balkonsolarkiel.de\/wp-content\/uploads\/2023\/02\/IMG_20230210_130407-1024x768.jpg 1024w, https:\/\/balkonsolarkiel.de\/wp-content\/uploads\/2023\/02\/IMG_20230210_130407-300x225.jpg 300w, https:\/\/balkonsolarkiel.de\/wp-content\/uploads\/2023\/02\/IMG_20230210_130407-768x576.jpg 768w, https:\/\/balkonsolarkiel.de\/wp-content\/uploads\/2023\/02\/IMG_20230210_130407-1536x1152.jpg 1536w, https:\/\/balkonsolarkiel.de\/wp-content\/uploads\/2023\/02\/IMG_20230210_130407-2048x1536.jpg 2048w\" sizes=\"auto, (max-width: 768px) 100vw, 768px\" \/><\/a><\/figure>\n\n\n\n<p>Solarmodule k\u00f6nnen sehr unterschiedlich aussehen. Es gibt sie mit einem Aluminium-Rahmen oder einer festen Plastik-R\u00fcckwand. Alle Module haben Schraubverbindungen, an denen sie befestigt werden k\u00f6nnen.<br>Module mit einem Aluminium-Rahmen wiegen bis zu 20 kg. Reine Plastik-Module k\u00f6nnen bis zu 2 kg wiegen.<\/p>\n\n\n\n<p class=\"has-text-align-center\"><\/p>\n\n\n\n<figure class=\"wp-block-image size-large is-resized\"><a href=\"https:\/\/balkonsolarkiel.de\/wp-content\/uploads\/2023\/02\/SolarzelleamFenster1.png\" target=\"_blank\" rel=\"noreferrer noopener\"><img loading=\"lazy\" decoding=\"async\" src=\"https:\/\/balkonsolarkiel.de\/wp-content\/uploads\/2023\/02\/SolarzelleamFenster1-1024x883.png\" alt=\"Solarzelle am Fenster\" class=\"wp-image-93\" width=\"768\" height=\"662\" srcset=\"https:\/\/balkonsolarkiel.de\/wp-content\/uploads\/2023\/02\/SolarzelleamFenster1-1024x883.png 1024w, https:\/\/balkonsolarkiel.de\/wp-content\/uploads\/2023\/02\/SolarzelleamFenster1-300x259.png 300w, https:\/\/balkonsolarkiel.de\/wp-content\/uploads\/2023\/02\/SolarzelleamFenster1-768x662.png 768w, https:\/\/balkonsolarkiel.de\/wp-content\/uploads\/2023\/02\/SolarzelleamFenster1-1536x1324.png 1536w, https:\/\/balkonsolarkiel.de\/wp-content\/uploads\/2023\/02\/SolarzelleamFenster1-2048x1766.png 2048w\" sizes=\"auto, (max-width: 768px) 100vw, 768px\" \/><\/a><\/figure>\n\n\n\n<p>Der <strong>Wirkungsgrad<\/strong> beschreibt, wie viel Sonnenlicht in Leistung umgewandelt wird. Aktuelle Zellen haben bis zu 21% Wirkungsgrad.<\/p>\n\n\n\n<p>Wie kommt die Leistung aus dem Solarmodul ins Stromnetz? Es gibt einen Standard: den MC4-Stecker. Damit wir nichts falsch machen, gibt es dort einen Plus-Pol und einen Minus-Pol-Stecker, die nicht zu verwechseln sind und auch nicht anders geschaltet werden k\u00f6nnen.<\/p>\n\n\n\n<p>Solarzellen altern aus unterschiedlichen Gr\u00fcnden. Das Plastik, auf dem die eigentlichen Solarzellen sitzen, kann altern und spr\u00f6de werden, der Alurahmen hat sich verzogen oder ist gebrochen. Die Schutzbeschichtung des Solarmoduls ist kaputt gegangen.<\/p>\n\n\n\n<p>Ist dies alles nicht der Fall, k\u00f6nnen Module \u00fcber 20 Jahre lang Leistung erzeugen.<\/p>\n\n\n\n<p>Gebrauchte Solarmodule k\u00f6nnen in Balkon-Solaranlagen weiterverwendet werden. Wenn der Balkon die richtige Gr\u00f6\u00dfe und Lage hat. Hat der Balkon keine \u201eperfekte\u201c Ausrichtung zur Sonne, sollten moderne Solarmodule verwendet werden.<\/p>\n\n\n\n<p>F\u00fcr die <strong>Umweltbilanz<\/strong> eines Solarmoduls ist es jedenfalls entscheidend, wie lange es im Betrieb ist.<\/p>\n\n\n\n<p><\/p>\n\n\n\n<p class=\"has-medium-font-size\"><strong>Der Wechselrichter\/Micro-Inverter in einer Balkon-Solaranlage<\/strong><\/p>\n\n\n\n<p>Ein Wechselrichter ist das Gegenteil zu einem Netzteil oder einem USB-Ladeger\u00e4t. Beim Netzteil oder USB-Ladeger\u00e4t wird aus der Netz-Spannung (220V in Deutschland) eine geringe Gleichspannung gemacht ( z.B. 5V). Ein Wechselrichter macht das genau andersherum. Er macht aus einer Gleichspannung Netz-Spannung.<br>Hat z.B. ein Wechselrichter einen Eingangsbereich von bis zu 60V und 4A \u2013 also 240W \u2013 kann er ca. 210W in das Stromnetz \u201eeinspeisen\u201c. \u00c4hnlich wie beim Netzteil wird auch der Wechselrichter warm, und in unserem Fall gibt er dann 30W als \u201eW\u00e4rme\u201c ab.<br>30W sind nicht viel, ein Wasserkocher hat z.B. 1800W als \u201eW\u00e4rme-Leistung\u201c.<br>Ein Wechselrichter muss also zum Solarmodul \u201epassen\u201c. Genauso wie ein Laptop-Netzteil zu einem Laptop \u201epasst\u201c.<br>In der Regel stehen die technischen Daten auf einem Wechselrichter.<br>Ein paar Beispiele: Kann ein Wechselrichter zwischen 30 und 60V Eingangsspannung verarbeiten, so sollte man keine Solarzelle mit maximal 21V verwenden. Diese 21V erzeugt diese Zelle ja nur im optimalen Fall. Besser sind z.B. Zellen mit 40V.<\/p>\n\n\n\n<figure class=\"wp-block-image size-full is-resized\"><a href=\"https:\/\/balkonsolarkiel.de\/wp-content\/uploads\/2023\/02\/threema-20230211-140700806.jpg\" target=\"_blank\" rel=\"noreferrer noopener\"><img loading=\"lazy\" decoding=\"async\" src=\"https:\/\/balkonsolarkiel.de\/wp-content\/uploads\/2023\/02\/threema-20230211-140700806.jpg\" alt=\"\" class=\"wp-image-161\" width=\"384\" height=\"512\" srcset=\"https:\/\/balkonsolarkiel.de\/wp-content\/uploads\/2023\/02\/threema-20230211-140700806.jpg 768w, https:\/\/balkonsolarkiel.de\/wp-content\/uploads\/2023\/02\/threema-20230211-140700806-225x300.jpg 225w\" sizes=\"auto, (max-width: 384px) 100vw, 384px\" \/><\/a><figcaption class=\"wp-element-caption\">Kleiner Wechselrichter<\/figcaption><\/figure>\n\n\n\n<p><br>Auch die Leistung des Wechselrichters ist zu beachten. Habe ich z.B. 2 Solarmodule mit 80W und kann also eine Leistung von maximal 160W erzeugen, so sollte mein Wechselrichter mindestens 200W umwandeln k\u00f6nnen. Als Faustregel: Lieber einen 20% gr\u00f6\u00dferen Wechselrichter als einen Wechselrichter, der immer am Limit arbeitet. Wieso?<br>Ein Wechselrichter hat immer dann viel zu tun, wenn es im Sommer richtig warm ist. Und ein Balkon-Wechselrichter wird normalerweise in der N\u00e4he der Solarzelle betrieben, er wird somit auch durch die Au\u00dfentemperatur schon richtig warm. Ein Wechselrichter sollte also nie zu warm (z.B. \u00fcber 80 \u00b0C) werden, da dies im besten Fall die Leistung reduziert und im schlimmsten Fall den Wechselrichter zerst\u00f6rt.<\/p>\n\n\n\n<p><\/p>\n\n\n\n<p class=\"has-medium-font-size\"><strong>Hintereinander-Schaltung\/Serien-Schaltung<\/strong><\/p>\n\n\n\n<p>Solarmodul haben einen Plus- und einen Minus-Pol. Zwischen diesen Polen \u201eflie\u00dft\u201c der Strom. Hat ein Solarmodul 21V und es werden 40V, ben\u00f6tigt k\u00f6nnen zwei Module hintereinander geschaltet werden.<\/p>\n\n\n\n<p>Die erste Zelle hat zwischen Plus- und Minus-Pol 21V. Ben\u00f6tigt wird nun 40V. Die zweite Zelle mit denselben technischen Daten wie die erste Zelle, kann nun die Spannung verdoppeln.<\/p>\n\n\n\n<figure class=\"wp-block-image size-large is-resized\"><a href=\"https:\/\/balkonsolarkiel.de\/wp-content\/uploads\/2023\/02\/IMG_20230212_134616-scaled.jpg\" target=\"_blank\" rel=\"noreferrer noopener\"><img loading=\"lazy\" decoding=\"async\" src=\"https:\/\/balkonsolarkiel.de\/wp-content\/uploads\/2023\/02\/IMG_20230212_134616-1024x768.jpg\" alt=\"\" class=\"wp-image-167\" width=\"512\" height=\"384\" srcset=\"https:\/\/balkonsolarkiel.de\/wp-content\/uploads\/2023\/02\/IMG_20230212_134616-1024x768.jpg 1024w, https:\/\/balkonsolarkiel.de\/wp-content\/uploads\/2023\/02\/IMG_20230212_134616-300x225.jpg 300w, https:\/\/balkonsolarkiel.de\/wp-content\/uploads\/2023\/02\/IMG_20230212_134616-768x576.jpg 768w, https:\/\/balkonsolarkiel.de\/wp-content\/uploads\/2023\/02\/IMG_20230212_134616-1536x1152.jpg 1536w, https:\/\/balkonsolarkiel.de\/wp-content\/uploads\/2023\/02\/IMG_20230212_134616-2048x1536.jpg 2048w\" sizes=\"auto, (max-width: 512px) 100vw, 512px\" \/><\/a><\/figure>\n\n\n\n<p>Verbinde ich nun den Pluspol der ersten mit dem Minuspol der zweiten Zelle, bekomme ich zwischen dem Minus-Pol der ersten und dem Plus-Pol der zweiten Zelle 42V. Und damit kann ich beide hintereinander geschalteten Zellen an den Wechselrichter anschlie\u00dfen.<\/p>\n\n\n\n<p><\/p>\n\n\n\n<p class=\"has-medium-font-size\"><strong>Parallel-Schaltung<\/strong><\/p>\n\n\n\n<p>Um die Leistung von Solarmodulen an den Wechselrichter anzupassen, k\u00f6nnen Solarmodule auch so \u201egeschaltet\u201c werden, dass sie ihre Leistung verdoppeln. Ein Beispiel: Der Wechselrichter kann 280W und 40V verarbeiten. Das Solarmodul erzeugt aber nur 80W. Verbinde ich nun den Minus-Pol und den Plus-Pol des ersten Moduls mit den gleichen Polen des zweiten Moduls, z.B. mit einem sogenannten Y-Kabel, so wird nur die Leistung auf 160W (2*80) erh\u00f6ht. Die Spannung bleibt bei 40V.<\/p>\n\n\n\n<figure class=\"wp-block-image size-large is-resized\"><a href=\"https:\/\/balkonsolarkiel.de\/wp-content\/uploads\/2023\/02\/IMG_20230212_134851-scaled.jpg\" target=\"_blank\" rel=\"noreferrer noopener\"><img loading=\"lazy\" decoding=\"async\" src=\"https:\/\/balkonsolarkiel.de\/wp-content\/uploads\/2023\/02\/IMG_20230212_134851-1024x768.jpg\" alt=\"\" class=\"wp-image-166\" width=\"512\" height=\"384\" srcset=\"https:\/\/balkonsolarkiel.de\/wp-content\/uploads\/2023\/02\/IMG_20230212_134851-1024x768.jpg 1024w, https:\/\/balkonsolarkiel.de\/wp-content\/uploads\/2023\/02\/IMG_20230212_134851-300x225.jpg 300w, https:\/\/balkonsolarkiel.de\/wp-content\/uploads\/2023\/02\/IMG_20230212_134851-768x576.jpg 768w, https:\/\/balkonsolarkiel.de\/wp-content\/uploads\/2023\/02\/IMG_20230212_134851-1536x1152.jpg 1536w, https:\/\/balkonsolarkiel.de\/wp-content\/uploads\/2023\/02\/IMG_20230212_134851-2048x1536.jpg 2048w\" sizes=\"auto, (max-width: 512px) 100vw, 512px\" \/><\/a><figcaption class=\"wp-element-caption\">Zwei Y-Kabel f\u00fcr die Parallel-Schaltung<\/figcaption><\/figure>\n\n\n\n<p class=\"has-medium-font-size\"><strong>Grundlast<\/strong><\/p>\n\n\n\n<p>Jeder Haushalt verbraucht permanent ein wenig Strom. Klar, es gibt auch Haushalte, die zur Nacht wirklich alles abschalten, aber sp\u00e4testens nach dem Aufstehen will man das Licht und vielleicht das Radio anschalten, und damit wird dann auch Strom verbraucht, also Leistung vom Stromerzeuger abgerufen. Gerade jetzt verbraucht unsere Wohnung 240W, in einer Stunde sind das dann 0,24kw\/h.<\/p>\n\n\n\n<p><\/p>\n\n\n\n<figure class=\"wp-block-image size-full is-resized\"><a href=\"https:\/\/balkonsolarkiel.de\/wp-content\/uploads\/2023\/02\/keinVerbrauch.png\" target=\"_blank\" rel=\"noreferrer noopener\"><img loading=\"lazy\" decoding=\"async\" src=\"https:\/\/balkonsolarkiel.de\/wp-content\/uploads\/2023\/02\/keinVerbrauch.png\" alt=\"\" class=\"wp-image-100\" width=\"580\" height=\"380\" srcset=\"https:\/\/balkonsolarkiel.de\/wp-content\/uploads\/2023\/02\/keinVerbrauch.png 773w, https:\/\/balkonsolarkiel.de\/wp-content\/uploads\/2023\/02\/keinVerbrauch-300x197.png 300w, https:\/\/balkonsolarkiel.de\/wp-content\/uploads\/2023\/02\/keinVerbrauch-768x504.png 768w\" sizes=\"auto, (max-width: 580px) 100vw, 580px\" \/><\/a><\/figure>\n\n\n\n<p>Das ist die <em>Grundlast<\/em>. Mit Balkon-Solaranlage k\u00f6nnen wir diese Grundlast reduzieren oder komplett selbst erzeugen, zumindest im Sommer. Wie bekomme ich heraus, welche Grundlast ich habe? Am besten kann das am Z\u00e4hler gemessen werden. Moderne Z\u00e4hler zeigen das an, \u00e4ltere Z\u00e4hler k\u00f6nnen das nicht so einfach. Hier hilft nur, die Verbrauchswerte aufschreiben, in einem Zeitraum \u2013 von z.B. 3 Stunden \u2013 wenn nicht viel verbraucht wird. Danach den ersten Wert vom zweitem Wert abziehen und durch \u2013 in unserem Beispiel \u2013 durch 3 teilen: Das ist die Grundlast pro Stunde.<\/p>\n\n\n\n<p class=\"has-medium-font-size\"><strong>Gefahren durch Balkon-Solaranlage<\/strong><\/p>\n\n\n\n<p>Balkon-Solaranlage k\u00f6nnen mit einer Leistung von bis zu 600W betrieben werden.<br>Wenn es mir vor allem um das Geld geht, macht eine solche Leistung nur Sinn, wenn ich eine Grundlast von mindestens 500W habe. In einem solchen Fall darf der Wechselrichter\/Micro-Inverter nur an einer Sicherung arbeiten. Hat z.B. der Balkon oder das Wohnzimmer eine solche Sicherung, muss diese um 600W reduziert werden. Warum?<br>Bei Vollauslastung erzeugt die Anlage 600W, bei 220V liefert sie dann ca. 3A. Dies verhindert, dass sich die Sicherung, die z.B. mit 16A ausgelegt ist, rechtzeitig ausschaltet, da im Haus ja immer, wenn die Sonne scheint, der externe Verbrauch um 3A sinkt.<br>Das kann einfach dadurch gel\u00f6st werden, dass man die Sicherung z.B. von 16A auf 13A reduziert.<br>Reduziert man die Leistung auf z.B. 300W oder ca. 1A, ist die Gefahr immer noch gegeben, aber wesentlich geringer, da die Anlage nur im seltensten Fall wirklich 300W erzeugt. Anders ausgedr\u00fcckt, umso geringer die Grundlast und die darauf ausgerichtete Leistungsst\u00e4rke des Solarmoduls, umso geringer ein m\u00f6gliches Risiko, was die vorhandenen Sicherungen angeht.<\/p>\n","protected":false},"excerpt":{"rendered":"<p>Was ist ein Solarmodul Solarmodule erzeugen aus Sonnenlicht Strom. Sie bestehen aus vielen kleinen Solarzellen, die auf einer Plastik-Platte angebracht sind. Die meisten Solarmodule haben auf der R\u00fcckseite einen Aufkleber, auf dem ihre technischen Daten stehen. Multipliziert man Stromst\u00e4rke und Spannung, bekommt man die Leistung des Moduls als Wattzahl.Kann z.B. ein Modul eine Spannung von [&hellip;]<\/p>\n","protected":false},"author":1,"featured_media":0,"parent":0,"menu_order":0,"comment_status":"closed","ping_status":"closed","template":"","meta":{"footnotes":""},"class_list":["post-89","page","type-page","status-publish","hentry"],"_links":{"self":[{"href":"https:\/\/balkonsolarkiel.de\/index.php\/wp-json\/wp\/v2\/pages\/89","targetHints":{"allow":["GET"]}}],"collection":[{"href":"https:\/\/balkonsolarkiel.de\/index.php\/wp-json\/wp\/v2\/pages"}],"about":[{"href":"https:\/\/balkonsolarkiel.de\/index.php\/wp-json\/wp\/v2\/types\/page"}],"author":[{"embeddable":true,"href":"https:\/\/balkonsolarkiel.de\/index.php\/wp-json\/wp\/v2\/users\/1"}],"replies":[{"embeddable":true,"href":"https:\/\/balkonsolarkiel.de\/index.php\/wp-json\/wp\/v2\/comments?post=89"}],"version-history":[{"count":8,"href":"https:\/\/balkonsolarkiel.de\/index.php\/wp-json\/wp\/v2\/pages\/89\/revisions"}],"predecessor-version":[{"id":302,"href":"https:\/\/balkonsolarkiel.de\/index.php\/wp-json\/wp\/v2\/pages\/89\/revisions\/302"}],"wp:attachment":[{"href":"https:\/\/balkonsolarkiel.de\/index.php\/wp-json\/wp\/v2\/media?parent=89"}],"curies":[{"name":"wp","href":"https:\/\/api.w.org\/{rel}","templated":true}]}}