{"id":855,"date":"2024-10-18T17:50:06","date_gmt":"2024-10-18T17:50:06","guid":{"rendered":"https:\/\/balkonsolarkiel.de\/?page_id=855"},"modified":"2025-03-10T10:07:09","modified_gmt":"2025-03-10T10:07:09","slug":"beton-balkon","status":"publish","type":"page","link":"https:\/\/balkonsolarkiel.de\/index.php\/beton-balkon\/","title":{"rendered":"Beton-Balkon"},"content":{"rendered":"\n<p class=\"has-white-color has-black-background-color has-text-color has-background has-link-color wp-elements-d2c6614d4dd8ae88f52d739e9c7d5873\">Bitte denkt daran, dass wir keine Gew\u00e4hr f\u00fcr den Nachbauen \u00fcbernehmen!<\/p>\n\n\n\n<p>Ihr wollt eine Balkon-Solar-Anlage anschlie\u00dfen und glaubt, das geht nicht, da Ihr einen Beton-Balkon habt?<\/p>\n\n\n\n<p>Dann haben wir m\u00f6glicherweise die L\u00f6sung f\u00fcr Euch. Seit einigen Wochen h\u00e4ngt diese Balkon-Solar-Anlage an einem Beton-Balkon aus den 1970er-Jahren des letzten Jahrhunderts.<\/p>\n\n\n<div class=\"wp-block-image\">\n<figure class=\"aligncenter size-large is-resized\"><img loading=\"lazy\" decoding=\"async\" width=\"1024\" height=\"768\" src=\"https:\/\/balkonsolarkiel.de\/wp-content\/uploads\/2024\/10\/PA070666-1024x768.jpg\" alt=\"\" class=\"wp-image-861\" style=\"width:703px;height:auto\" srcset=\"https:\/\/balkonsolarkiel.de\/wp-content\/uploads\/2024\/10\/PA070666-1024x768.jpg 1024w, https:\/\/balkonsolarkiel.de\/wp-content\/uploads\/2024\/10\/PA070666-300x225.jpg 300w, https:\/\/balkonsolarkiel.de\/wp-content\/uploads\/2024\/10\/PA070666-768x576.jpg 768w, https:\/\/balkonsolarkiel.de\/wp-content\/uploads\/2024\/10\/PA070666-1536x1152.jpg 1536w, https:\/\/balkonsolarkiel.de\/wp-content\/uploads\/2024\/10\/PA070666-2048x1536.jpg 2048w\" sizes=\"auto, (max-width: 1024px) 100vw, 1024px\" \/><\/figure>\n<\/div>\n\n\n<p>In Kiel gibt es viele Beton-Balkone. Diese sind eigentlich f\u00fcr Balkon-Solar-Anlage ungeeignet, da es keine M\u00f6glichkeit gab, Balkon-Solar-Anlagen an ihrer untern Seite zu befestigen.<\/p>\n\n\n\n<p>Versuchen Sie bitte nicht, einen Beton-Balkon zu \u201edurchbohren\u201c. Auch wenn Sie m\u00f6glicherweise die Berechtigung daf\u00fcr haben. D\u00fcnner Beton ist spr\u00f6de und bricht aus. Ein Loch wird so schnell gr\u00f6\u00dfer als gedacht und kann auch auf der Au\u00dfenseite \u201ebr\u00f6seln\u201c.<\/p>\n\n\n\n<p>Nach einigen Diskussionen bekamen wir von einem befreundeten Regensburger Tischlermeister folgenden Vorschlag:<\/p>\n\n\n<div class=\"wp-block-image\">\n<figure class=\"aligncenter size-large is-resized\"><a href=\"https:\/\/balkonsolarkiel.de\/wp-content\/uploads\/2024\/10\/signal-2024-06-30-20-52-45-387-1-1.jpg\"><img loading=\"lazy\" decoding=\"async\" width=\"1024\" height=\"974\" src=\"https:\/\/balkonsolarkiel.de\/wp-content\/uploads\/2024\/10\/signal-2024-06-30-20-52-45-387-1-1-1024x974.jpg\" alt=\"\" class=\"wp-image-865\" style=\"width:649px;height:auto\" srcset=\"https:\/\/balkonsolarkiel.de\/wp-content\/uploads\/2024\/10\/signal-2024-06-30-20-52-45-387-1-1-1024x974.jpg 1024w, https:\/\/balkonsolarkiel.de\/wp-content\/uploads\/2024\/10\/signal-2024-06-30-20-52-45-387-1-1-300x285.jpg 300w, https:\/\/balkonsolarkiel.de\/wp-content\/uploads\/2024\/10\/signal-2024-06-30-20-52-45-387-1-1-768x731.jpg 768w, https:\/\/balkonsolarkiel.de\/wp-content\/uploads\/2024\/10\/signal-2024-06-30-20-52-45-387-1-1-1536x1461.jpg 1536w, https:\/\/balkonsolarkiel.de\/wp-content\/uploads\/2024\/10\/signal-2024-06-30-20-52-45-387-1-1.jpg 2048w\" sizes=\"auto, (max-width: 1024px) 100vw, 1024px\" \/><\/a><\/figure>\n<\/div>\n\n\n<p>Die Idee: einer riesigen \u201eBeton-Klammer\u201c ist einfach und konnte tats\u00e4chlich mit einer Fuchsschwanz-S\u00e4ge und einem Akku-Bohrer gebaut werden.<\/p>\n\n\n<div class=\"wp-block-image\">\n<figure class=\"aligncenter size-large is-resized\"><a href=\"https:\/\/balkonsolarkiel.de\/wp-content\/uploads\/2024\/10\/IMG_20240820_194611.jpg\"><img loading=\"lazy\" decoding=\"async\" width=\"1024\" height=\"768\" src=\"https:\/\/balkonsolarkiel.de\/wp-content\/uploads\/2024\/10\/IMG_20240820_194611-1024x768.jpg\" alt=\"\" class=\"wp-image-863\" style=\"width:671px;height:auto\" srcset=\"https:\/\/balkonsolarkiel.de\/wp-content\/uploads\/2024\/10\/IMG_20240820_194611-1024x768.jpg 1024w, https:\/\/balkonsolarkiel.de\/wp-content\/uploads\/2024\/10\/IMG_20240820_194611-300x225.jpg 300w, https:\/\/balkonsolarkiel.de\/wp-content\/uploads\/2024\/10\/IMG_20240820_194611-768x576.jpg 768w, https:\/\/balkonsolarkiel.de\/wp-content\/uploads\/2024\/10\/IMG_20240820_194611-1536x1152.jpg 1536w, https:\/\/balkonsolarkiel.de\/wp-content\/uploads\/2024\/10\/IMG_20240820_194611.jpg 1618w\" sizes=\"auto, (max-width: 1024px) 100vw, 1024px\" \/><\/a><\/figure>\n<\/div>\n\n\n<p>Zwei Dachlatten (60 x 40 mm) mit einer L\u00e4nge von 2 Metern m\u00fcssen so zers\u00e4gt werden, dass eine Latte auf der Innenseite des Balkons auf dem Boden stehen kann. Sie endet dann ca. 40 cm \u00fcber dem Ende der Br\u00fcstung. Diese 40 cm sind sehr wichtig. Diese freie Seite der Konstruktion ragt also \u00fcber dem Beton heraus.<\/p>\n\n\n<div class=\"wp-block-image\">\n<figure class=\"aligncenter size-large is-resized\"><a href=\"https:\/\/balkonsolarkiel.de\/wp-content\/uploads\/2024\/10\/40cm.jpg\"><img loading=\"lazy\" decoding=\"async\" width=\"1024\" height=\"734\" src=\"https:\/\/balkonsolarkiel.de\/wp-content\/uploads\/2024\/10\/40cm-1024x734.jpg\" alt=\"\" class=\"wp-image-864\" style=\"width:682px;height:auto\" srcset=\"https:\/\/balkonsolarkiel.de\/wp-content\/uploads\/2024\/10\/40cm-1024x734.jpg 1024w, https:\/\/balkonsolarkiel.de\/wp-content\/uploads\/2024\/10\/40cm-300x215.jpg 300w, https:\/\/balkonsolarkiel.de\/wp-content\/uploads\/2024\/10\/40cm-768x550.jpg 768w, https:\/\/balkonsolarkiel.de\/wp-content\/uploads\/2024\/10\/40cm-1536x1101.jpg 1536w, https:\/\/balkonsolarkiel.de\/wp-content\/uploads\/2024\/10\/40cm.jpg 1624w\" sizes=\"auto, (max-width: 1024px) 100vw, 1024px\" \/><\/a><\/figure>\n<\/div>\n\n\n<p>Nun werden zwei 8 mm Edelstahl Gewinde-Schrauben mit einer L\u00e4nge von ca. 20 cm ben\u00f6tigt. Diese werden mit einem Abstand von 20 cm in den 40 cm Bereich mittels eines 8 mm Bohrers geschraubt. Damit eine Schraube halten kann, werden 4 gro\u00dfe Unterlegscheiben und drei 8 mm selbstsichernde Muttern ben\u00f6tigt.<\/p>\n\n\n\n<p>Der zweite Balken wird genauso wie der erste gebaut. Es ist unbedingt darauf zu achten, dass die 8 mm Bohrl\u00f6cher f\u00fcr die Gewinde-Schrauben parallel verlaufen. Am besten es wird ein \u201elanger\u201c Bohrer verwendet. Aber es geht auch ohne.<\/p>\n\n\n<div class=\"wp-block-image\">\n<figure class=\"aligncenter size-large is-resized\"><a href=\"https:\/\/balkonsolarkiel.de\/wp-content\/uploads\/2024\/10\/Mongtage1.jpg\"><img loading=\"lazy\" decoding=\"async\" width=\"1024\" height=\"889\" src=\"https:\/\/balkonsolarkiel.de\/wp-content\/uploads\/2024\/10\/Mongtage1-1024x889.jpg\" alt=\"\" class=\"wp-image-862\" style=\"width:720px;height:auto\" srcset=\"https:\/\/balkonsolarkiel.de\/wp-content\/uploads\/2024\/10\/Mongtage1-1024x889.jpg 1024w, https:\/\/balkonsolarkiel.de\/wp-content\/uploads\/2024\/10\/Mongtage1-300x260.jpg 300w, https:\/\/balkonsolarkiel.de\/wp-content\/uploads\/2024\/10\/Mongtage1-768x666.jpg 768w, https:\/\/balkonsolarkiel.de\/wp-content\/uploads\/2024\/10\/Mongtage1-1536x1333.jpg 1536w, https:\/\/balkonsolarkiel.de\/wp-content\/uploads\/2024\/10\/Mongtage1.jpg 1936w\" sizes=\"auto, (max-width: 1024px) 100vw, 1024px\" \/><\/a><\/figure>\n<\/div>\n\n\n<p>Damit sich zwischen der Dachlatte und dem Beton kein Wasser sammeln kann, muss ein &#8222;Gummi\u201c am oberen Bereich des Holzes und am Ende angebracht werden. Die &#8222;Gummis&#8220; erh\u00f6hen auch die Reibung mit dem Beton. Die beiden Dachlatten k\u00f6nnen sich nicht mehr nach links und rechts bewegen. <\/p>\n\n\n\n<p>In unserm Beispiel konnten wir einen alten Fahrradschlauch als &#8222;Gummi&#8220; Ersatz verwenden.<\/p>\n\n\n<div class=\"wp-block-image\">\n<figure class=\"aligncenter size-large is-resized\"><a href=\"https:\/\/balkonsolarkiel.de\/wp-content\/uploads\/2024\/10\/img_20240820_2043231370030210910683150.jpg\"><img loading=\"lazy\" decoding=\"async\" width=\"768\" height=\"1024\" src=\"https:\/\/balkonsolarkiel.de\/wp-content\/uploads\/2024\/10\/img_20240820_2043231370030210910683150-768x1024.jpg\" alt=\"\" class=\"wp-image-866\" style=\"width:409px;height:auto\" srcset=\"https:\/\/balkonsolarkiel.de\/wp-content\/uploads\/2024\/10\/img_20240820_2043231370030210910683150-768x1024.jpg 768w, https:\/\/balkonsolarkiel.de\/wp-content\/uploads\/2024\/10\/img_20240820_2043231370030210910683150-225x300.jpg 225w, https:\/\/balkonsolarkiel.de\/wp-content\/uploads\/2024\/10\/img_20240820_2043231370030210910683150-1152x1536.jpg 1152w, https:\/\/balkonsolarkiel.de\/wp-content\/uploads\/2024\/10\/img_20240820_2043231370030210910683150.jpg 1500w\" sizes=\"auto, (max-width: 768px) 100vw, 768px\" \/><\/a><\/figure>\n<\/div>\n\n\n<p>Sind die Dachlatten so vorbereitet, werden die Schrauben angebracht. Dabei ist zu beachten, das die \u00e4u\u00dfere Seite fest verschraubt wird. Nun wird die Breite der Beton-Br\u00fcstung mit einem Zollstock gemessen. In unserem Fall waren es 10 cm. Die innere Latte wird dann 11 cm von der \u00e4u\u00dferen \u201elocker\u201c festgeschraubt.<\/p>\n\n\n\n<p>Die \u201eKlammer\u201c wird vor der Montage zusammengeschraubt und dann \u00fcber den Balkon geschoben.<\/p>\n\n\n\n<p>Da wir zwei Schrauben benutzen, kann nun die untere Schraube wie eine \u201eKlammer\u201c auf Spannung gebracht werden.<\/p>\n\n\n\n<p>Funktioniert alles, dann sollte am Ende eine feste Dachlatte an der Au\u00dfenseite des Balkons befestigt sein.<\/p>\n\n\n<div class=\"wp-block-image\">\n<figure class=\"aligncenter size-large is-resized\"><a href=\"https:\/\/balkonsolarkiel.de\/wp-content\/uploads\/2024\/10\/PA070675.jpg\"><img loading=\"lazy\" decoding=\"async\" width=\"1024\" height=\"768\" src=\"https:\/\/balkonsolarkiel.de\/wp-content\/uploads\/2024\/10\/PA070675-1024x768.jpg\" alt=\"\" class=\"wp-image-859\" style=\"width:691px;height:auto\" srcset=\"https:\/\/balkonsolarkiel.de\/wp-content\/uploads\/2024\/10\/PA070675-1024x768.jpg 1024w, https:\/\/balkonsolarkiel.de\/wp-content\/uploads\/2024\/10\/PA070675-300x225.jpg 300w, https:\/\/balkonsolarkiel.de\/wp-content\/uploads\/2024\/10\/PA070675-768x576.jpg 768w, https:\/\/balkonsolarkiel.de\/wp-content\/uploads\/2024\/10\/PA070675-1536x1152.jpg 1536w, https:\/\/balkonsolarkiel.de\/wp-content\/uploads\/2024\/10\/PA070675-2048x1536.jpg 2048w\" sizes=\"auto, (max-width: 1024px) 100vw, 1024px\" \/><\/a><\/figure>\n<\/div>\n\n\n<p>In unserem Fall haben wir an diese Dachlatten zwei Module von <a href=\"https:\/\/balkonsolarkiel.de\/index.php\/ganz-handlich\/\" data-type=\"page\" data-id=\"748\">ZweihornENERGY<\/a> angebracht. Durch die Festigkeit der Dachlatten k\u00f6nnen auf alle F\u00e4lle leichte Plastik-Solar-Module angebracht werden. F\u00fcr schwere Glas-Module ist die Konstruktion zu \u201eweich\u201c.<\/p>\n\n\n<div class=\"wp-block-image\">\n<figure class=\"aligncenter size-large is-resized\"><a href=\"https:\/\/balkonsolarkiel.de\/wp-content\/uploads\/2024\/10\/img_20240929_1110061748996846611803340-e1729273168403.jpg\"><img loading=\"lazy\" decoding=\"async\" width=\"1024\" height=\"768\" src=\"https:\/\/balkonsolarkiel.de\/wp-content\/uploads\/2024\/10\/img_20240929_1110061748996846611803340-e1729273168403-1024x768.jpg\" alt=\"\" class=\"wp-image-853\" style=\"width:712px;height:auto\" srcset=\"https:\/\/balkonsolarkiel.de\/wp-content\/uploads\/2024\/10\/img_20240929_1110061748996846611803340-e1729273168403-1024x768.jpg 1024w, https:\/\/balkonsolarkiel.de\/wp-content\/uploads\/2024\/10\/img_20240929_1110061748996846611803340-e1729273168403-300x225.jpg 300w, https:\/\/balkonsolarkiel.de\/wp-content\/uploads\/2024\/10\/img_20240929_1110061748996846611803340-e1729273168403-768x576.jpg 768w, https:\/\/balkonsolarkiel.de\/wp-content\/uploads\/2024\/10\/img_20240929_1110061748996846611803340-e1729273168403-1536x1152.jpg 1536w, https:\/\/balkonsolarkiel.de\/wp-content\/uploads\/2024\/10\/img_20240929_1110061748996846611803340-e1729273168403.jpg 2000w\" sizes=\"auto, (max-width: 1024px) 100vw, 1024px\" \/><\/a><\/figure>\n<\/div>\n\n\n<p><\/p>\n\n\n\n<p>Und Strom liefert Sie auch.<br \/><\/p>\n\n\n\n<figure class=\"wp-block-image size-large\"><img loading=\"lazy\" decoding=\"async\" width=\"930\" height=\"1024\" src=\"https:\/\/balkonsolarkiel.de\/wp-content\/uploads\/2024\/10\/betonLeistung-930x1024.jpg\" alt=\"\" class=\"wp-image-868\" srcset=\"https:\/\/balkonsolarkiel.de\/wp-content\/uploads\/2024\/10\/betonLeistung-930x1024.jpg 930w, https:\/\/balkonsolarkiel.de\/wp-content\/uploads\/2024\/10\/betonLeistung-272x300.jpg 272w, https:\/\/balkonsolarkiel.de\/wp-content\/uploads\/2024\/10\/betonLeistung-768x846.jpg 768w, https:\/\/balkonsolarkiel.de\/wp-content\/uploads\/2024\/10\/betonLeistung.jpg 1206w\" sizes=\"auto, (max-width: 930px) 100vw, 930px\" \/><\/figure>\n\n\n\n<p>Ab hier seid Ihr gefragt!<\/p>\n","protected":false},"excerpt":{"rendered":"<p>Bitte denkt daran, dass wir keine Gew\u00e4hr f\u00fcr den Nachbauen \u00fcbernehmen! Ihr wollt eine Balkon-Solar-Anlage anschlie\u00dfen und glaubt, das geht nicht, da Ihr einen Beton-Balkon habt? Dann haben wir m\u00f6glicherweise die L\u00f6sung f\u00fcr Euch. Seit einigen Wochen h\u00e4ngt diese Balkon-Solar-Anlage an einem Beton-Balkon aus den 1970er-Jahren des letzten Jahrhunderts. In Kiel gibt es viele Beton-Balkone. [&hellip;]<\/p>\n","protected":false},"author":1,"featured_media":0,"parent":0,"menu_order":0,"comment_status":"closed","ping_status":"closed","template":"","meta":{"footnotes":""},"class_list":["post-855","page","type-page","status-publish","hentry"],"_links":{"self":[{"href":"https:\/\/balkonsolarkiel.de\/index.php\/wp-json\/wp\/v2\/pages\/855","targetHints":{"allow":["GET"]}}],"collection":[{"href":"https:\/\/balkonsolarkiel.de\/index.php\/wp-json\/wp\/v2\/pages"}],"about":[{"href":"https:\/\/balkonsolarkiel.de\/index.php\/wp-json\/wp\/v2\/types\/page"}],"author":[{"embeddable":true,"href":"https:\/\/balkonsolarkiel.de\/index.php\/wp-json\/wp\/v2\/users\/1"}],"replies":[{"embeddable":true,"href":"https:\/\/balkonsolarkiel.de\/index.php\/wp-json\/wp\/v2\/comments?post=855"}],"version-history":[{"count":10,"href":"https:\/\/balkonsolarkiel.de\/index.php\/wp-json\/wp\/v2\/pages\/855\/revisions"}],"predecessor-version":[{"id":930,"href":"https:\/\/balkonsolarkiel.de\/index.php\/wp-json\/wp\/v2\/pages\/855\/revisions\/930"}],"wp:attachment":[{"href":"https:\/\/balkonsolarkiel.de\/index.php\/wp-json\/wp\/v2\/media?parent=855"}],"curies":[{"name":"wp","href":"https:\/\/api.w.org\/{rel}","templated":true}]}}