{"id":748,"date":"2024-07-12T18:05:42","date_gmt":"2024-07-12T18:05:42","guid":{"rendered":"https:\/\/balkonsolarkiel.de\/?page_id=748"},"modified":"2024-07-26T11:22:32","modified_gmt":"2024-07-26T11:22:32","slug":"ganz-handlich","status":"publish","type":"page","link":"https:\/\/balkonsolarkiel.de\/index.php\/ganz-handlich\/","title":{"rendered":"Ganz handlich"},"content":{"rendered":"\n<p>Unsere Vorf\u00fchranlagen haben Zulauf bekommen. Balkon-Solar mal ganz einfach. Das ist das Ziel dieser Anlage. Alle g\u00fcltigen Vorschriften werden eingehalten und die Anlage muss nur aus dem Paket genommen und am Balkon mit Gurten befestigt werden, fertig. <br>Auf diese Panele kamen wir durch ZweihornENERGY mit ihrem super motivierenden Video <a href=\"https:\/\/www.youtube.com\/watch?v=D-4eUKCJjso&#038;t=86s\">https:\/\/www.youtube.com\/watch?v=D-<\/a><a href=\"https:\/\/www.youtube.com\/watch?v=D-4eUKCJjso&#038;t=86s\" target=\"_blank\" rel=\"noreferrer noopener\">4eUKCJjso<\/a><a href=\"https:\/\/www.youtube.com\/watch?v=D-4eUKCJjso&#038;t=86s\">&amp;t=86s<\/a>. Sie k\u00f6nnen leider derzeit ihr Ziel nicht weiter verfolgen, wir sind trotzdem froh, sie unterst\u00fctzt zu haben.<\/p>\n\n\n\n<figure class=\"wp-block-image size-large is-resized\"><a href=\"https:\/\/balkonsolarkiel.de\/wp-content\/uploads\/2024\/07\/sunologyVonHinten-scaled.jpg\"><img loading=\"lazy\" decoding=\"async\" width=\"1024\" height=\"768\" src=\"https:\/\/balkonsolarkiel.de\/wp-content\/uploads\/2024\/07\/sunologyVonHinten-1024x768.jpg\" alt=\"\" class=\"wp-image-752\" style=\"width:568px;height:auto\" srcset=\"https:\/\/balkonsolarkiel.de\/wp-content\/uploads\/2024\/07\/sunologyVonHinten-1024x768.jpg 1024w, https:\/\/balkonsolarkiel.de\/wp-content\/uploads\/2024\/07\/sunologyVonHinten-300x225.jpg 300w, https:\/\/balkonsolarkiel.de\/wp-content\/uploads\/2024\/07\/sunologyVonHinten-768x576.jpg 768w, https:\/\/balkonsolarkiel.de\/wp-content\/uploads\/2024\/07\/sunologyVonHinten-1536x1152.jpg 1536w, https:\/\/balkonsolarkiel.de\/wp-content\/uploads\/2024\/07\/sunologyVonHinten-2048x1536.jpg 2048w\" sizes=\"auto, (max-width: 1024px) 100vw, 1024px\" \/><\/a><\/figure>\n\n\n\n<p>Die Module kommen von der Firma <a href=\"https:\/\/sunology.de\/\" target=\"_blank\" rel=\"noreferrer noopener\">https:\/\/sunology.de\/<\/a>, die ebenfalls einige vergleichbare Module vertreiben. Interessant ist auch, dass die Module eine Leistungsgarantie von \u00fcber 20 Jahren haben.<\/p>\n\n\n\n<figure class=\"wp-block-image size-large is-resized\"><img loading=\"lazy\" decoding=\"async\" width=\"1024\" height=\"768\" src=\"https:\/\/balkonsolarkiel.de\/wp-content\/uploads\/2024\/07\/bedeckt-1024x768.jpg\" alt=\"\" class=\"wp-image-751\" style=\"width:556px;height:auto\" srcset=\"https:\/\/balkonsolarkiel.de\/wp-content\/uploads\/2024\/07\/bedeckt-1024x768.jpg 1024w, https:\/\/balkonsolarkiel.de\/wp-content\/uploads\/2024\/07\/bedeckt-300x225.jpg 300w, https:\/\/balkonsolarkiel.de\/wp-content\/uploads\/2024\/07\/bedeckt-768x576.jpg 768w, https:\/\/balkonsolarkiel.de\/wp-content\/uploads\/2024\/07\/bedeckt-1536x1152.jpg 1536w, https:\/\/balkonsolarkiel.de\/wp-content\/uploads\/2024\/07\/bedeckt-2048x1536.jpg 2048w\" sizes=\"auto, (max-width: 1024px) 100vw, 1024px\" \/><\/figure>\n\n\n\n<p>Ist der Himmel bedeckt, liefert die kleine Anlage noch 80 Watt in der Stunde. Ohne direkte Sonneneinstrahlung.<\/p>\n\n\n\n<p>Legt die Sonne dann richtig zu, kommt Sie auf \u00fcber 200 Watt in der Stunde gemessen um 18 Uhr. Auch unsere anderen Vorf\u00fchranlagen wurden so getestet.<\/p>\n\n\n\n<p><br \/>Die Module sind handlich und verf\u00fcgen \u00fcber viele Montage-M\u00f6glichkeiten!<\/p>\n\n\n\n<figure class=\"wp-block-image size-large is-resized\"><img loading=\"lazy\" decoding=\"async\" width=\"768\" height=\"1024\" src=\"https:\/\/balkonsolarkiel.de\/wp-content\/uploads\/2024\/07\/ueber200Watt-768x1024.jpg\" alt=\"\" class=\"wp-image-750\" style=\"width:567px;height:auto\" srcset=\"https:\/\/balkonsolarkiel.de\/wp-content\/uploads\/2024\/07\/ueber200Watt-768x1024.jpg 768w, https:\/\/balkonsolarkiel.de\/wp-content\/uploads\/2024\/07\/ueber200Watt-225x300.jpg 225w, https:\/\/balkonsolarkiel.de\/wp-content\/uploads\/2024\/07\/ueber200Watt-1152x1536.jpg 1152w, https:\/\/balkonsolarkiel.de\/wp-content\/uploads\/2024\/07\/ueber200Watt-1536x2048.jpg 1536w, https:\/\/balkonsolarkiel.de\/wp-content\/uploads\/2024\/07\/ueber200Watt-scaled.jpg 1920w\" sizes=\"auto, (max-width: 768px) 100vw, 768px\" \/><\/figure>\n\n\n\n<p>Der Wechselrichter von TSUN ist bereits angebracht. Ein Solarverl\u00e4ngerungskabel liegt auch bei. Sie wiegen pro Modul ca. 4 kg, haben 150 Watt maximal und k\u00f6nnen auch von einem Menschen montiert werden.<\/p>\n\n\n\n<p>F\u00fcr den Aufbau der Anlage muss sie nur ausgepackt werden. Wie sch\u00f6n!<\/p>\n","protected":false},"excerpt":{"rendered":"<p>Unsere Vorf\u00fchranlagen haben Zulauf bekommen. Balkon-Solar mal ganz einfach. Das ist das Ziel dieser Anlage. Alle g\u00fcltigen Vorschriften werden eingehalten und die Anlage muss nur aus dem Paket genommen und am Balkon mit Gurten befestigt werden, fertig. Auf diese Panele kamen wir durch ZweihornENERGY mit ihrem super motivierenden Video https:\/\/www.youtube.com\/watch?v=D-4eUKCJjso&amp;t=86s. Sie k\u00f6nnen leider derzeit ihr [&hellip;]<\/p>\n","protected":false},"author":1,"featured_media":0,"parent":0,"menu_order":0,"comment_status":"closed","ping_status":"closed","template":"","meta":{"footnotes":""},"class_list":["post-748","page","type-page","status-publish","hentry"],"_links":{"self":[{"href":"https:\/\/balkonsolarkiel.de\/index.php\/wp-json\/wp\/v2\/pages\/748","targetHints":{"allow":["GET"]}}],"collection":[{"href":"https:\/\/balkonsolarkiel.de\/index.php\/wp-json\/wp\/v2\/pages"}],"about":[{"href":"https:\/\/balkonsolarkiel.de\/index.php\/wp-json\/wp\/v2\/types\/page"}],"author":[{"embeddable":true,"href":"https:\/\/balkonsolarkiel.de\/index.php\/wp-json\/wp\/v2\/users\/1"}],"replies":[{"embeddable":true,"href":"https:\/\/balkonsolarkiel.de\/index.php\/wp-json\/wp\/v2\/comments?post=748"}],"version-history":[{"count":12,"href":"https:\/\/balkonsolarkiel.de\/index.php\/wp-json\/wp\/v2\/pages\/748\/revisions"}],"predecessor-version":[{"id":811,"href":"https:\/\/balkonsolarkiel.de\/index.php\/wp-json\/wp\/v2\/pages\/748\/revisions\/811"}],"wp:attachment":[{"href":"https:\/\/balkonsolarkiel.de\/index.php\/wp-json\/wp\/v2\/media?parent=748"}],"curies":[{"name":"wp","href":"https:\/\/api.w.org\/{rel}","templated":true}]}}