{"id":69,"date":"2023-02-05T17:59:21","date_gmt":"2023-02-05T17:59:21","guid":{"rendered":"https:\/\/balkonsolarkiel.de\/?page_id=69"},"modified":"2026-03-13T08:46:25","modified_gmt":"2026-03-13T08:46:25","slug":"informationen-aus-dem-internet","status":"publish","type":"page","link":"https:\/\/balkonsolarkiel.de\/index.php\/informationen-aus-dem-internet\/","title":{"rendered":"Informationen aus dem Internet"},"content":{"rendered":"\n<p class=\"has-medium-font-size\"><\/p>\n\n\n\n<p><strong>Selbstbau.Solar<\/strong><br \/><br \/>Liste und Karte von Solar und Balkon-Solar Selbstbau-Gruppen<\/p>\n\n\n\n<p><a href=\"https:\/\/selbstbau.solar\/karte\/\" target=\"_blank\" rel=\"noreferrer noopener\">https:\/\/selbstbau.solar\/karte\/<\/a><\/p>\n\n\n\n<p><br \/><strong>Balkon.Solar e.V. aus Freiburg<\/strong><\/p>\n\n\n\n<p>Balkonkraftwerke, steckfertige Solaranlagen oder Mini-PV-Anlagen bestehen in der Regel aus einem oder zwei Solarpanels und einem kleinen Wechselrichter. Sobald Sonne auf das Solarpanel f\u00e4llt, erzeugt es Strom. Der Wechselrichter wandelt diese Energie in den normalen Haushaltsstrom um. \u00dcber eine (Au\u00dfen-) Steckdose wird dieser Strom dann ins Hausnetz eingespeist. Dort deckt er den Bedarf der eigenen Ger\u00e4te, etwa K\u00fchlschrank, Router oder Laptop. Was nicht ben\u00f6tigt wird, geht ins allgemeine Stromnetz. Braucht man mehr Strom als die Solarpanels erzeugen, holen sich die Verbraucher den zus\u00e4tzlich n\u00f6tigen Strom wie bisher \u00fcber das Stromnetz.<\/p>\n\n\n\n<p>&#8230;.<\/p>\n\n\n\n<p><a href=\"https:\/\/balkon.solar\/\" target=\"_blank\" rel=\"noreferrer noopener\">Balkon.Solar e.V.<\/a><\/p>\n\n\n\n<p><strong>Deutsche Gesellschaft f\u00fcr Sonnenenergie<\/strong> <strong>Landesverband Berlin Brandenburg e.V.<\/strong><\/p>\n\n\n\n<p><strong><em>Wer wir sind<\/em><\/strong><\/p>\n\n\n\n<p>Um die dezentrale Energieversorgung weiter voranzutreiben und m\u00f6glichst viele Menschen vor allem Mieter und Kleing\u00e4rtner an der Energiewende teilhaben zu lassen, hat die DGS auf der Intersolar 2016 die Arbeitsgruppe PVplug gegr\u00fcndet, bestehend aus Ingenieuren, Wissenschaftlern, Rechtsanw\u00e4lten, Energiebloggern, Unternehmern, Fachjournalisten und PR-Arbeitern, die ehrenamtlich t\u00e4tig sind.<\/p>\n\n\n\n<p>Damit Stecker-Solarger\u00e4te f\u00fcr Verbraucher so einfach anwendbar werden wie ein durchschnittliches Haushaltsger\u00e4t, m\u00fcssen b\u00fcrokratische H\u00fcrden abgebaut werden. Mit viel Ausdauer haben wir uns in genau die Gremien vorgek\u00e4mpft, die \u00fcber die entsprechenden Normen entscheiden.<\/p>\n\n\n\n<p>&#8230;.<br \/><a href=\"https:\/\/www.pvplug.de\/\" target=\"_blank\" rel=\"noreferrer noopener\">https:\/\/www.pvplug.de\/<\/a><\/p>\n\n\n\n<p class=\"has-medium-font-size\"><br \/><strong>Initiativen:<\/strong><br \/><strong>SoliSolar Hamburg<\/strong><br \/> organisiert kosteng\u00fcnstige Sammelbestellungen f\u00fcr Balkonkraftwerke, unterst\u00fctzt bei der offiziellen Anmeldung und im Umgang mit Vermieterinnen und Vermietern. SoliSolar stellt Aufbau-Teams zusammen, gibt Tipps f\u00fcr die gemeinschaftliche Montage und unterst\u00fctzt eine solidarische Querfinanzierung.<\/p>\n\n\n\n<p><a href=\"https:\/\/www.solisolar-hamburg.de\/\" target=\"_blank\" rel=\"noreferrer noopener\">https:\/\/www.solisolar-hamburg.de\/<\/a><\/p>\n\n\n\n<p class=\"has-medium-font-size\">________________<br \/><strong>Bremer SolidarStrom<\/strong><br \/>Wir Aktiven vom Bremer SolidarStrom engagieren uns f\u00fcr Klimaschutz, die Energie- und Wirtschaftswende.<\/p>\n\n\n\n<p><a rel=\"noreferrer noopener\" href=\"https:\/\/bremer-solidarstrom.de\/\" target=\"_blank\">https:\/\/bremer-solidarstrom.de\/<\/a><br \/><br \/>__________________<\/p>\n\n\n\n<p class=\"has-medium-font-size\"><strong>Die solarINI lauenburg<\/strong> <br \/>ist eine Initiative aus der N\u00e4he von Lauenburg. Wir informieren und beraten ehrenamtlich zu verschiedenen Aspekten der Solarenergie, wie PV-Anlagen auf privaten D\u00e4chern, Balkon-Kraftwerken, Batteriespeicher und Elektromobilit\u00e4t.<\/p>\n\n\n\n<p><a rel=\"noreferrer noopener\" href=\"https:\/\/solarini-lauenburg.de\/\" target=\"_blank\">https:\/\/solarini-lauenburg.de\/<\/a><br \/>___________________<\/p>\n\n\n\n<p class=\"has-medium-font-size\"><strong>solocal-energy<\/strong><br \/>Wir m\u00f6chten mit SoLocal Energy zur globalen Klimawende von unten und zur St\u00e4rkung des Gemeinschaffens beitragen. Unsere Vision ist die nachhaltige Energieversorgung in B\u00fcrger*innenhand, um klimagerechte Energiedemokratie zu erreichen. Als Werte st\u00fctzen uns dabei Solidarit\u00e4t, Gerechtigkeit, Nachhaltigkeit und Eigenverantwortung.<\/p>\n\n\n\n<p>Zu <a rel=\"noreferrer noopener\" href=\"https:\/\/www.solocal-energy.de\/\" target=\"_blank\">https:\/\/www.solocal-energy.de\/ <\/a>aus Kassel.<\/p>\n\n\n\n<p>____________________<\/p>\n\n\n\n<p class=\"has-medium-font-size\"><strong>Die Verbraucherzentrale zum Thema Balkon-Solar-Anlagen:<\/strong><\/p>\n\n\n\n<p>Mit Stecker-Solarger\u00e4ten k\u00f6nnen Sie auch als Mieter:in oder Wohnungseigent\u00fcmer:in eigenen Sonnenstrom erzeugen. Wir sagen Ihnen, worauf Sie dabei achten sollten.<br \/><a href=\"https:\/\/www.verbraucherzentrale.de\/wissen\/energie\/erneuerbare-energien\/steckersolar-solarstrom-vom-balkon-direkt-in-die-steckdose-44715\" target=\"_blank\" rel=\"noreferrer noopener\">Stecker-Solar: Solarstrom vom Balkon direkt in die Steckdose<\/a><\/p>\n\n\n\n<p class=\"has-medium-font-size\"><strong>Balkonkraftwerke und die passende Versicherung<\/strong><\/p>\n\n\n\n<p>Ein Beispiel: Die Allianz versichert Balkon-Solaranlagen sowohl in der Haftpflicht- als auch in der Hausrat-Versicherung. Falls Ihr euch unsicher seid fragt einfach Eure Versicherung. Das Beispiel Allianz<br \/>zeigt das es generell geht.<\/p>\n\n\n\n<p><a href=\"https:\/\/www.allianz.de\/recht-und-eigentum\/hausratversicherung\/balkonkraftwerk\/\" target=\"_blank\" rel=\"noreferrer noopener\">Zum Beitrag<\/a><br \/><br \/>_______________________<\/p>\n\n\n\n<p class=\"has-medium-font-size\"><strong>Anbieter f\u00fcr Solarmodul ohne Versandkosten:<\/strong><\/p>\n\n\n\n<p>z.B. bei Ebay:<\/p>\n\n\n\n<p><a href=\"https:\/\/www.ebay.de\/str\/solartronics09\" target=\"_blank\" rel=\"noreferrer noopener\">https:\/\/www.ebay.de\/str\/solartronics09<\/a><\/p>\n\n\n\n<p>aus Neum\u00fcnster:<\/p>\n\n\n\n<p><a href=\"https:\/\/www.ebay.de\/str\/arcsgermanyshop\" target=\"_blank\" rel=\"noreferrer noopener\">https:\/\/www.ebay.de\/str\/arcsgermanyshop<\/a><\/p>\n\n\n\n<p>Die meisten verkauften Solarmodule k\u00f6nnen nicht alleine verwendet werden. Bitte achtet auf die Spannungs-Werte. So m\u00fcssen z.B. bei 18 Volt 2 Module in Serie (siehe Was ist Was) geschaltet werden damit ein Betrieb an Wechselrichter m\u00f6glich ist.<\/p>\n\n\n\n<p>Dies sind nur Beispiel. Bitte denkt an die Versandkosten von Solarmodulen!<\/p>\n","protected":false},"excerpt":{"rendered":"<p>Selbstbau.Solar Liste und Karte von Solar und Balkon-Solar Selbstbau-Gruppen https:\/\/selbstbau.solar\/karte\/ Balkon.Solar e.V. aus Freiburg Balkonkraftwerke, steckfertige Solaranlagen oder Mini-PV-Anlagen bestehen in der Regel aus einem oder zwei Solarpanels und einem kleinen Wechselrichter. Sobald Sonne auf das Solarpanel f\u00e4llt, erzeugt es Strom. Der Wechselrichter wandelt diese Energie in den normalen Haushaltsstrom um. \u00dcber eine (Au\u00dfen-) Steckdose [&hellip;]<\/p>\n","protected":false},"author":1,"featured_media":0,"parent":0,"menu_order":0,"comment_status":"closed","ping_status":"closed","template":"","meta":{"footnotes":""},"class_list":["post-69","page","type-page","status-publish","hentry"],"_links":{"self":[{"href":"https:\/\/balkonsolarkiel.de\/index.php\/wp-json\/wp\/v2\/pages\/69","targetHints":{"allow":["GET"]}}],"collection":[{"href":"https:\/\/balkonsolarkiel.de\/index.php\/wp-json\/wp\/v2\/pages"}],"about":[{"href":"https:\/\/balkonsolarkiel.de\/index.php\/wp-json\/wp\/v2\/types\/page"}],"author":[{"embeddable":true,"href":"https:\/\/balkonsolarkiel.de\/index.php\/wp-json\/wp\/v2\/users\/1"}],"replies":[{"embeddable":true,"href":"https:\/\/balkonsolarkiel.de\/index.php\/wp-json\/wp\/v2\/comments?post=69"}],"version-history":[{"count":24,"href":"https:\/\/balkonsolarkiel.de\/index.php\/wp-json\/wp\/v2\/pages\/69\/revisions"}],"predecessor-version":[{"id":997,"href":"https:\/\/balkonsolarkiel.de\/index.php\/wp-json\/wp\/v2\/pages\/69\/revisions\/997"}],"wp:attachment":[{"href":"https:\/\/balkonsolarkiel.de\/index.php\/wp-json\/wp\/v2\/media?parent=69"}],"curies":[{"name":"wp","href":"https:\/\/api.w.org\/{rel}","templated":true}]}}