{"id":686,"date":"2024-06-15T11:54:57","date_gmt":"2024-06-15T11:54:57","guid":{"rendered":"https:\/\/balkonsolarkiel.de\/?page_id=686"},"modified":"2024-06-16T17:31:21","modified_gmt":"2024-06-16T17:31:21","slug":"in-den-garten-geschweisst","status":"publish","type":"page","link":"https:\/\/balkonsolarkiel.de\/index.php\/selbst-bauen\/in-den-garten-geschweisst\/","title":{"rendered":"In den Garten geschwei\u00dft!"},"content":{"rendered":"\n<figure class=\"wp-block-image size-full is-resized\"><a href=\"https:\/\/balkonsolarkiel.de\/wp-content\/uploads\/2024\/06\/P6142132-scaled.jpg\"><img loading=\"lazy\" decoding=\"async\" width=\"2560\" height=\"1920\" src=\"https:\/\/balkonsolarkiel.de\/wp-content\/uploads\/2024\/06\/P6142132-scaled.jpg\" alt=\"\" class=\"wp-image-688\" style=\"width:838px;height:auto\" srcset=\"https:\/\/balkonsolarkiel.de\/wp-content\/uploads\/2024\/06\/P6142132-scaled.jpg 2560w, https:\/\/balkonsolarkiel.de\/wp-content\/uploads\/2024\/06\/P6142132-300x225.jpg 300w, https:\/\/balkonsolarkiel.de\/wp-content\/uploads\/2024\/06\/P6142132-1024x768.jpg 1024w, https:\/\/balkonsolarkiel.de\/wp-content\/uploads\/2024\/06\/P6142132-768x576.jpg 768w, https:\/\/balkonsolarkiel.de\/wp-content\/uploads\/2024\/06\/P6142132-1536x1152.jpg 1536w, https:\/\/balkonsolarkiel.de\/wp-content\/uploads\/2024\/06\/P6142132-2048x1536.jpg 2048w\" sizes=\"auto, (max-width: 2560px) 100vw, 2560px\" \/><\/a><\/figure>\n\n\n\n<p>Albert kann schwei\u00dfen und verwendet alles erneut. So entstand seine Solarmodul-Aufh\u00e4ngung f\u00fcr zwei gebrauchte 100 Watt Module, die parallel geschaltet wurden. F\u00fcr den Anschluss an das Hausnetz sorgt ein Hoymiles 300 Wechselrichter. <\/p>\n\n\n\n<figure class=\"wp-block-image size-large is-resized\"><a href=\"https:\/\/balkonsolarkiel.de\/wp-content\/uploads\/2024\/06\/P6142119-scaled.jpg\"><img loading=\"lazy\" decoding=\"async\" width=\"1024\" height=\"768\" src=\"https:\/\/balkonsolarkiel.de\/wp-content\/uploads\/2024\/06\/P6142119-1024x768.jpg\" alt=\"\" class=\"wp-image-691\" style=\"width:838px;height:auto\" srcset=\"https:\/\/balkonsolarkiel.de\/wp-content\/uploads\/2024\/06\/P6142119-1024x768.jpg 1024w, https:\/\/balkonsolarkiel.de\/wp-content\/uploads\/2024\/06\/P6142119-300x225.jpg 300w, https:\/\/balkonsolarkiel.de\/wp-content\/uploads\/2024\/06\/P6142119-768x576.jpg 768w, https:\/\/balkonsolarkiel.de\/wp-content\/uploads\/2024\/06\/P6142119-1536x1152.jpg 1536w, https:\/\/balkonsolarkiel.de\/wp-content\/uploads\/2024\/06\/P6142119-2048x1536.jpg 2048w\" sizes=\"auto, (max-width: 1024px) 100vw, 1024px\" \/><\/a><\/figure>\n\n\n\n<p>Die Anlage wird \u00fcber 4 Erdn\u00e4gel einfach in den Garten \u201egestellt\u201c. F\u00fcr den Anschluss an das Hausnetz sorgt dann nur noch ein wasserdichtes Verl\u00e4ngerungskabel in guter Baumarkt-Qualit\u00e4t.<\/p>\n\n\n\n<p>Die Konstruktion l\u00e4sst sich durch zwei Klemmschrauben in der Neigung stufenlos verstellen, in jeder Jahreszeit kann so immer die optimale Position zur Sonne gefunden werden.<\/p>\n\n\n\n<p>Und falls mehr Leistung ben\u00f6tigt wird? Kein Problem, es k\u00f6nnen auch 2 oder 4 Module angeschlossen werden und so die Familie im Sommer komplett versorgt werden.<\/p>\n\n\n\n<figure class=\"wp-block-image size-large is-resized\"><a href=\"https:\/\/balkonsolarkiel.de\/wp-content\/uploads\/2024\/06\/P6142130-scaled.jpg\"><img loading=\"lazy\" decoding=\"async\" width=\"1024\" height=\"768\" src=\"https:\/\/balkonsolarkiel.de\/wp-content\/uploads\/2024\/06\/P6142130-1024x768.jpg\" alt=\"\" class=\"wp-image-689\" style=\"width:839px;height:auto\" srcset=\"https:\/\/balkonsolarkiel.de\/wp-content\/uploads\/2024\/06\/P6142130-1024x768.jpg 1024w, https:\/\/balkonsolarkiel.de\/wp-content\/uploads\/2024\/06\/P6142130-300x225.jpg 300w, https:\/\/balkonsolarkiel.de\/wp-content\/uploads\/2024\/06\/P6142130-768x576.jpg 768w, https:\/\/balkonsolarkiel.de\/wp-content\/uploads\/2024\/06\/P6142130-1536x1152.jpg 1536w, https:\/\/balkonsolarkiel.de\/wp-content\/uploads\/2024\/06\/P6142130-2048x1536.jpg 2048w\" sizes=\"auto, (max-width: 1024px) 100vw, 1024px\" \/><\/a><\/figure>\n\n\n\n<p>Ein Aufruf f\u00fcr alle Menschen, die schwei\u00dfen k\u00f6nnen!<\/p>\n","protected":false},"excerpt":{"rendered":"<p>Albert kann schwei\u00dfen und verwendet alles erneut. So entstand seine Solarmodul-Aufh\u00e4ngung f\u00fcr zwei gebrauchte 100 Watt Module, die parallel geschaltet wurden. F\u00fcr den Anschluss an das Hausnetz sorgt ein Hoymiles 300 Wechselrichter. Die Anlage wird \u00fcber 4 Erdn\u00e4gel einfach in den Garten \u201egestellt\u201c. F\u00fcr den Anschluss an das Hausnetz sorgt dann nur noch ein wasserdichtes [&hellip;]<\/p>\n","protected":false},"author":1,"featured_media":0,"parent":564,"menu_order":0,"comment_status":"closed","ping_status":"closed","template":"","meta":{"footnotes":""},"class_list":["post-686","page","type-page","status-publish","hentry"],"_links":{"self":[{"href":"https:\/\/balkonsolarkiel.de\/index.php\/wp-json\/wp\/v2\/pages\/686","targetHints":{"allow":["GET"]}}],"collection":[{"href":"https:\/\/balkonsolarkiel.de\/index.php\/wp-json\/wp\/v2\/pages"}],"about":[{"href":"https:\/\/balkonsolarkiel.de\/index.php\/wp-json\/wp\/v2\/types\/page"}],"author":[{"embeddable":true,"href":"https:\/\/balkonsolarkiel.de\/index.php\/wp-json\/wp\/v2\/users\/1"}],"replies":[{"embeddable":true,"href":"https:\/\/balkonsolarkiel.de\/index.php\/wp-json\/wp\/v2\/comments?post=686"}],"version-history":[{"count":9,"href":"https:\/\/balkonsolarkiel.de\/index.php\/wp-json\/wp\/v2\/pages\/686\/revisions"}],"predecessor-version":[{"id":704,"href":"https:\/\/balkonsolarkiel.de\/index.php\/wp-json\/wp\/v2\/pages\/686\/revisions\/704"}],"up":[{"embeddable":true,"href":"https:\/\/balkonsolarkiel.de\/index.php\/wp-json\/wp\/v2\/pages\/564"}],"wp:attachment":[{"href":"https:\/\/balkonsolarkiel.de\/index.php\/wp-json\/wp\/v2\/media?parent=686"}],"curies":[{"name":"wp","href":"https:\/\/api.w.org\/{rel}","templated":true}]}}