{"id":564,"date":"2023-09-30T14:05:47","date_gmt":"2023-09-30T14:05:47","guid":{"rendered":"https:\/\/balkonsolarkiel.de\/?page_id=564"},"modified":"2024-09-24T16:20:07","modified_gmt":"2024-09-24T16:20:07","slug":"selbst-bauen","status":"publish","type":"page","link":"https:\/\/balkonsolarkiel.de\/index.php\/selbst-bauen\/","title":{"rendered":"Selbst Bauen"},"content":{"rendered":"\n<p>Balkon-solar-Anlagen f\u00fcr 200 \u20ac mit 300 Watt selbstbauen? So wird es gemacht:<\/p>\n\n\n\n<p>In diesem Beispiel sind 4 gebrauchte <a href=\"https:\/\/balkonsolarkiel.de\/index.php\/gebrauchte-solarzellen\/\" data-type=\"page\" data-id=\"220\">Solarmodule von Siemens <\/a>(ca. 80 W Leistung) parallel geschaltet worden. So haben diese Module eine Leistung von 320 W.<\/p>\n\n\n\n<figure class=\"wp-block-image size-large is-resized\"><img loading=\"lazy\" decoding=\"async\" width=\"1024\" height=\"768\" src=\"https:\/\/balkonsolarkiel.de\/wp-content\/uploads\/2023\/09\/image-20230717-213302-1-1024x768.jpeg\" alt=\"\" class=\"wp-image-566\" style=\"width:568px;height:426px\" srcset=\"https:\/\/balkonsolarkiel.de\/wp-content\/uploads\/2023\/09\/image-20230717-213302-1-1024x768.jpeg 1024w, https:\/\/balkonsolarkiel.de\/wp-content\/uploads\/2023\/09\/image-20230717-213302-1-300x225.jpeg 300w, https:\/\/balkonsolarkiel.de\/wp-content\/uploads\/2023\/09\/image-20230717-213302-1-768x576.jpeg 768w, https:\/\/balkonsolarkiel.de\/wp-content\/uploads\/2023\/09\/image-20230717-213302-1-1536x1152.jpeg 1536w, https:\/\/balkonsolarkiel.de\/wp-content\/uploads\/2023\/09\/image-20230717-213302-1.jpeg 1600w\" sizes=\"auto, (max-width: 1024px) 100vw, 1024px\" \/><\/figure>\n\n\n\n<p><br \/>Der Balkon befindet sich \u00fcber einem Garten und <a href=\"https:\/\/balkonsolarkiel.de\/index.php\/montage-und-voraussetzung-fuer-den-anbau\/\" data-type=\"page\" data-id=\"446\">nicht \u00fcber einem Verkehrsweg<\/a>, dadurch k\u00f6nnen die Solarmodule einfach mit je 2 Fahrrad-Hacken an der Br\u00fcstung \u201eeingeh\u00e4ngt\u201c werden. <\/p>\n\n\n\n<p>Die Aluprofile der Solarmodule sind mit einander verschraubt und k\u00f6nnen so auch \u201emechanisch\u201c nur an einer Seite aufgeh\u00e4ngt werden, da der Rahmen selbsttragend ist.<\/p>\n\n\n\n<figure class=\"wp-block-image size-large is-resized\"><img loading=\"lazy\" decoding=\"async\" width=\"727\" height=\"545\" src=\"https:\/\/balkonsolarkiel.de\/wp-content\/uploads\/2023\/09\/wp-1696082103123-edited.jpg\" alt=\"\" class=\"wp-image-568\" style=\"width:590px;height:356px\" srcset=\"https:\/\/balkonsolarkiel.de\/wp-content\/uploads\/2023\/09\/wp-1696082103123-edited.jpg 727w, https:\/\/balkonsolarkiel.de\/wp-content\/uploads\/2023\/09\/wp-1696082103123-edited-300x225.jpg 300w\" sizes=\"auto, (max-width: 727px) 100vw, 727px\" \/><\/figure>\n\n\n\n<p>Die n\u00f6tigen MC4 Kabel wurden selbst gebaut, was ebenfalls Geld spart und auch zu \u201eexakten\u201c Kabell\u00e4nge f\u00fchrt.<\/p>\n\n\n\n<p><br \/>Als Wechselrichter wird ein Hoymiles-300 Wechselrichter verwendet. Auch das Anschlusskabel f\u00fcr die 220 Voll Steckdose wurde selbst gebaut.<\/p>\n\n\n\n<figure class=\"wp-block-image size-full is-resized\"><img loading=\"lazy\" decoding=\"async\" width=\"768\" height=\"1024\" src=\"https:\/\/balkonsolarkiel.de\/wp-content\/uploads\/2023\/02\/threema-20230211-140700806.jpg\" alt=\"\" class=\"wp-image-161\" style=\"width:459px;height:612px\" srcset=\"https:\/\/balkonsolarkiel.de\/wp-content\/uploads\/2023\/02\/threema-20230211-140700806.jpg 768w, https:\/\/balkonsolarkiel.de\/wp-content\/uploads\/2023\/02\/threema-20230211-140700806-225x300.jpg 225w\" sizes=\"auto, (max-width: 768px) 100vw, 768px\" \/><figcaption class=\"wp-element-caption\">Der verwendete Wechselrichter.<\/figcaption><\/figure>\n\n\n\n<p><br \/>St\u00fcckliste:<\/p>\n\n\n\n<p>4 x gebrauchte 80 Watt Solarmodule mit ca. 40 V Spitzenspannung f\u00fcr 40 \u20ac<br \/>8 x Fahrradhaken f\u00fcr insgesamt ca. 64 \u20ac.<br \/>3 x Verteiler-Kabel f\u00fcr das parallel schalten der Solarmodule ca. 15 \u20ac.<br \/>1 x Wechselrichter Hoymiles HM-300 ca. +\/- 80 \u20ac.<br \/>1 x Anschlusskabel f\u00fcr die 220 V Steckdose ca. 15 \u20ac<\/p>\n\n\n\n<p>Macht dann insgesamt ca. 214 \u20ac. Kostet das Kilowatt 0,4 \u20ac in einer Stunde, sind die Kosten nach ca. 2 Jahren &#8222;eingenommen&#8220;. <a data-type=\"page\" data-id=\"313\" href=\"https:\/\/balkonsolarkiel.de\/index.php\/downloads-und-hintergrundinformationen\/\">Anmelden nicht vergessen!<\/a><\/p>\n\n\n\n<p>Der Selbstbau rechnet sich und erm\u00f6glicht eine passgenaue Gestaltung.<\/p>\n","protected":false},"excerpt":{"rendered":"<p>Balkon-solar-Anlagen f\u00fcr 200 \u20ac mit 300 Watt selbstbauen? So wird es gemacht: In diesem Beispiel sind 4 gebrauchte Solarmodule von Siemens (ca. 80 W Leistung) parallel geschaltet worden. So haben diese Module eine Leistung von 320 W. Der Balkon befindet sich \u00fcber einem Garten und nicht \u00fcber einem Verkehrsweg, dadurch k\u00f6nnen die Solarmodule einfach mit [&hellip;]<\/p>\n","protected":false},"author":1,"featured_media":0,"parent":0,"menu_order":0,"comment_status":"closed","ping_status":"closed","template":"","meta":{"footnotes":""},"class_list":["post-564","page","type-page","status-publish","hentry"],"_links":{"self":[{"href":"https:\/\/balkonsolarkiel.de\/index.php\/wp-json\/wp\/v2\/pages\/564","targetHints":{"allow":["GET"]}}],"collection":[{"href":"https:\/\/balkonsolarkiel.de\/index.php\/wp-json\/wp\/v2\/pages"}],"about":[{"href":"https:\/\/balkonsolarkiel.de\/index.php\/wp-json\/wp\/v2\/types\/page"}],"author":[{"embeddable":true,"href":"https:\/\/balkonsolarkiel.de\/index.php\/wp-json\/wp\/v2\/users\/1"}],"replies":[{"embeddable":true,"href":"https:\/\/balkonsolarkiel.de\/index.php\/wp-json\/wp\/v2\/comments?post=564"}],"version-history":[{"count":4,"href":"https:\/\/balkonsolarkiel.de\/index.php\/wp-json\/wp\/v2\/pages\/564\/revisions"}],"predecessor-version":[{"id":617,"href":"https:\/\/balkonsolarkiel.de\/index.php\/wp-json\/wp\/v2\/pages\/564\/revisions\/617"}],"wp:attachment":[{"href":"https:\/\/balkonsolarkiel.de\/index.php\/wp-json\/wp\/v2\/media?parent=564"}],"curies":[{"name":"wp","href":"https:\/\/api.w.org\/{rel}","templated":true}]}}