{"id":520,"date":"2023-09-15T11:14:09","date_gmt":"2023-09-15T11:14:09","guid":{"rendered":"https:\/\/balkonsolarkiel.de\/?page_id=520"},"modified":"2024-06-06T16:46:55","modified_gmt":"2024-06-06T16:46:55","slug":"auf-der-insel","status":"publish","type":"page","link":"https:\/\/balkonsolarkiel.de\/index.php\/auf-der-insel\/","title":{"rendered":"Auf der Insel \/ im Garten"},"content":{"rendered":"\n<p class=\"has-white-color has-black-background-color has-text-color has-background\"><strong>Vorsicht!<\/strong><br>Vorab Bemerkung: <br>Dieser Artikel wendet sich an Menschen die im Umgang mit Strom und Spannung ge\u00fcbt sind. Unbedingt die Polarit\u00e4t der Solarmodule, des Spannungswandlers, der Batterie und des 220 Volt Generators mit einem Multimeter testen!<br><br>Auch darauf achten, dass alle Einzelteile der Anlage gut miteinander verbunden\/verschraubt sind.<br>Gerade Batterien k\u00f6nnen erhebliche w\u00e4rme erzeugen! Wir \u00fcbernehmen keine Haftung!<\/p>\n\n\n\n<p><\/p>\n\n\n\n<p>________________________<\/p>\n\n\n\n<p><\/p>\n\n\n\n<p><\/p>\n\n\n\n<figure class=\"wp-block-image size-large\"><img loading=\"lazy\" decoding=\"async\" width=\"1024\" height=\"492\" src=\"https:\/\/balkonsolarkiel.de\/wp-content\/uploads\/2023\/06\/signal-2023-05-28-12-34-20-403-1024x492.jpg\" alt=\"\" class=\"wp-image-353\" srcset=\"https:\/\/balkonsolarkiel.de\/wp-content\/uploads\/2023\/06\/signal-2023-05-28-12-34-20-403-1024x492.jpg 1024w, https:\/\/balkonsolarkiel.de\/wp-content\/uploads\/2023\/06\/signal-2023-05-28-12-34-20-403-300x144.jpg 300w, https:\/\/balkonsolarkiel.de\/wp-content\/uploads\/2023\/06\/signal-2023-05-28-12-34-20-403-768x369.jpg 768w, https:\/\/balkonsolarkiel.de\/wp-content\/uploads\/2023\/06\/signal-2023-05-28-12-34-20-403-1536x738.jpg 1536w, https:\/\/balkonsolarkiel.de\/wp-content\/uploads\/2023\/06\/signal-2023-05-28-12-34-20-403.jpg 2048w\" sizes=\"auto, (max-width: 1024px) 100vw, 1024px\" \/><figcaption class=\"wp-element-caption\">Inselanlage im Garten<\/figcaption><\/figure>\n\n\n\n<p>Solaranlagen m\u00fcssen nicht in das Netz eines Stromanbieters einspeisen. H\u00e4ufig wird Strom ben\u00f6tigt, aber ein Stromanschluss der Stadtwerke ist nicht verf\u00fcgbar.<\/p>\n\n\n\n<p>Klassisch ist der Kleingarten, der Sportverein auf dem Dorf oder die Stromversorgung in einem Zeltplatz ein Einsatzbereich einer Insel-Solar-Anlage.<\/p>\n\n\n\n<p>Ein Stromgenerator verbrennt Benzin und erzeugt so CO2, er ist also weder nachhaltig noch eine gute Idee.<\/p>\n\n\n\n<p>Wof\u00fcr wird der Strom ben\u00f6tigt. Diese Frage ist immer die wichtigste!<br>Es macht einen Unterschied, ob ein Elektrogrill oder eine gro\u00dfe Kreiss\u00e4ge oder eine LED-Lampe bzw. Laptop versorgt werden soll.<\/p>\n\n\n\n<p>F\u00fcr eine Insel-Solar-Anlage werden drei Komponenten ben\u00f6tigt:<\/p>\n\n\n\n<ul class=\"wp-block-list\">\n<li>ein Solarmodul,<\/li>\n\n\n\n<li>Ein Spannungswandler, der aus dem Gleichstrom des Solarmoduls einen Lade-Gleichstrom f\u00fcr eine Batterie erzeugt. Unbedingt auf die Maximalwerte f\u00fcr die Solarspannung und Batterie-Leistung achten!<\/li>\n\n\n\n<li>Eine Solar-Batterie die zum Spannungswandler passt!<\/li>\n\n\n\n<li>Einen Wechselstromgenerator. Der aus dem Gleichstrom 220 V Wechselstrom erzeugt. Dieser muss zur Batterie-Spannung passen.<\/li>\n<\/ul>\n\n\n\n<p>Die Gr\u00f6\u00dfe der Anlage h\u00e4ngt vom zu erwartenden Verbrauch ab.<\/p>\n\n\n\n<figure class=\"wp-block-image size-large\"><img loading=\"lazy\" decoding=\"async\" width=\"1024\" height=\"375\" src=\"https:\/\/balkonsolarkiel.de\/wp-content\/uploads\/2023\/09\/mc4Stecker-1024x375.png\" alt=\"\" class=\"wp-image-528\" srcset=\"https:\/\/balkonsolarkiel.de\/wp-content\/uploads\/2023\/09\/mc4Stecker-1024x375.png 1024w, https:\/\/balkonsolarkiel.de\/wp-content\/uploads\/2023\/09\/mc4Stecker-300x110.png 300w, https:\/\/balkonsolarkiel.de\/wp-content\/uploads\/2023\/09\/mc4Stecker-768x281.png 768w, https:\/\/balkonsolarkiel.de\/wp-content\/uploads\/2023\/09\/mc4Stecker.png 1158w\" sizes=\"auto, (max-width: 1024px) 100vw, 1024px\" \/><figcaption class=\"wp-element-caption\">MC4 Stecker und ihre Polarit\u00e4t.<\/figcaption><\/figure>\n\n\n\n<p><strong><br>Hier einige Beispiele:<\/strong><\/p>\n\n\n\n<ul class=\"wp-block-list\">\n<li>Soll ein Elektrogrill mit einem Verbrauch von 2 kWh Betrieben werden, so muss der 220 Volt Generator mehr als 2 kW generieren und eine Batterie 24 Volt und 100 Ah (24 mal 100 = 2400 kWh) liefern k\u00f6nnen. Die Gr\u00f6\u00dfe des Solarmoduls und des Spannungswandlers ist dagegen davon Abh\u00e4ngig, wie oft der Grill eingeschaltet werden wird.<\/li>\n\n\n\n<li>Auch daf\u00fcr ein Beispiel: Soll immer am Wochenende gegrillt werden so muss die Batterie nach 7 Tagen geladen sein. Um 2400 kWh Solarleistung zu \u201eerwirtschaften\u201c werden mit einem 200 W Solarmodul 4 sonnige Tage mit 5 h Maximaler Leistung ben\u00f6tigt. Warum? Nach einer Stunde wird der Akku mit 0,2 kWh geladen, nach 12h ist er dann aufgeladen und es kann wieder gegrillt werden.<\/li>\n\n\n\n<li>Soll ein E-Bike geladen oder ein Laptop betrieben werden, reicht auch schon eine 1 kWh Batterie aus. Also eine Autobatterie mit 12 V und 100 Ah.<br>Ein Laptop verbraucht maximal 100 Wh kann also 10 h betrieben werden. E-Bike Akkus haben ca. 400 Wh und lassen sich ebenfalls an der Insel-Anlage laden.<br>Allerdings wird in diesem Fall kein 2 kW Generator verwendet. F\u00fcr die genannten Beispiele reicht auch schon ein 1 kW Generator problemlos aus.<\/li>\n<\/ul>\n\n\n\n<figure class=\"wp-block-image size-full\"><img loading=\"lazy\" decoding=\"async\" width=\"1000\" height=\"1000\" src=\"https:\/\/balkonsolarkiel.de\/wp-content\/uploads\/2023\/09\/ecoworthy_12V_480W_complete_solar_panel_kit_3_1000x.webp\" alt=\"\" class=\"wp-image-526\" srcset=\"https:\/\/balkonsolarkiel.de\/wp-content\/uploads\/2023\/09\/ecoworthy_12V_480W_complete_solar_panel_kit_3_1000x.webp 1000w, https:\/\/balkonsolarkiel.de\/wp-content\/uploads\/2023\/09\/ecoworthy_12V_480W_complete_solar_panel_kit_3_1000x-300x300.webp 300w, https:\/\/balkonsolarkiel.de\/wp-content\/uploads\/2023\/09\/ecoworthy_12V_480W_complete_solar_panel_kit_3_1000x-150x150.webp 150w, https:\/\/balkonsolarkiel.de\/wp-content\/uploads\/2023\/09\/ecoworthy_12V_480W_complete_solar_panel_kit_3_1000x-768x768.webp 768w\" sizes=\"auto, (max-width: 1000px) 100vw, 1000px\" \/><figcaption class=\"wp-element-caption\">Ein Beispiel eines Anbieters von E-Bay zeigt gut die Komplexit\u00e4t der Aufgabe.<\/figcaption><\/figure>\n\n\n\n<p><\/p>\n\n\n\n<p>Eine zentrale Komponente ist die Batterie. Hier spielt die Nachhaltigkeit in meinen Augen eine zentrale Rolle.  Autobatterien k\u00f6nnen z.B. Recycelt werden. Lithium Solarbatterien sind kleiner und halten l\u00e4nger,  das Recycling ist allerdings schwer.<\/p>\n\n\n\n<figure class=\"wp-block-image size-large is-resized\"><img loading=\"lazy\" decoding=\"async\" width=\"1024\" height=\"951\" src=\"https:\/\/balkonsolarkiel.de\/wp-content\/uploads\/2023\/09\/betteryKontakt-1024x951.png\" alt=\"\" class=\"wp-image-527\" srcset=\"https:\/\/balkonsolarkiel.de\/wp-content\/uploads\/2023\/09\/betteryKontakt-1024x951.png 1024w, https:\/\/balkonsolarkiel.de\/wp-content\/uploads\/2023\/09\/betteryKontakt-300x279.png 300w, https:\/\/balkonsolarkiel.de\/wp-content\/uploads\/2023\/09\/betteryKontakt-768x713.png 768w, https:\/\/balkonsolarkiel.de\/wp-content\/uploads\/2023\/09\/betteryKontakt.png 1216w\" sizes=\"auto, (max-width: 1024px) 100vw, 1024px\" \/><figcaption class=\"wp-element-caption\">Autobatterie Anschlussklemme; ein Beispiel Bild.<\/figcaption><\/figure>\n\n\n\n<p><br>Alle Batterien sollten nicht lange Frosttemperaturen ausgesetzt sein. Dabei kann es schon reichen, wenn die Batterien nicht auf dem Boden zu betrieben.<\/p>\n\n\n\n<p>Der Spannungswandler bzw. Solar-Laderegler muss zum Solarmodul passen. Aber auch hier gilt: Lieber eine Nummer gr\u00f6\u00dfer.<\/p>\n\n\n\n<p><strong>Selbstbau gegen Kaufen.<\/strong><\/p>\n\n\n\n<p>Die hier beschriebene Anlage kann auch komplett gekauft werden. Diese Anlagen k\u00f6nnen meist wie ein Verbrennungsgenerator bewegt werden und verf\u00fcgen \u00fcber Lithium-Akkus. Aber gerade der Akku ist die Schwachstelle eines solchen Systems.<\/p>\n\n\n\n<p>Kann ein defekter Akku getauscht werden und wenn ja, wer macht das. Im Schlimmsten-Fall m\u00fcssen Solar-Laderegler, Akku und Generator \u201eentsorgt\u201c werden.<\/p>\n\n\n\n<p>Nachhaltiger und damit auch preiswerter ist hier tats\u00e4chlich der Selbstbau!<\/p>\n","protected":false},"excerpt":{"rendered":"<p>Vorsicht!Vorab Bemerkung: Dieser Artikel wendet sich an Menschen die im Umgang mit Strom und Spannung ge\u00fcbt sind. Unbedingt die Polarit\u00e4t der Solarmodule, des Spannungswandlers, der Batterie und des 220 Volt Generators mit einem Multimeter testen! Auch darauf achten, dass alle Einzelteile der Anlage gut miteinander verbunden\/verschraubt sind.Gerade Batterien k\u00f6nnen erhebliche w\u00e4rme erzeugen! Wir \u00fcbernehmen keine [&hellip;]<\/p>\n","protected":false},"author":5,"featured_media":0,"parent":0,"menu_order":0,"comment_status":"closed","ping_status":"closed","template":"","meta":{"footnotes":""},"class_list":["post-520","page","type-page","status-publish","hentry"],"_links":{"self":[{"href":"https:\/\/balkonsolarkiel.de\/index.php\/wp-json\/wp\/v2\/pages\/520","targetHints":{"allow":["GET"]}}],"collection":[{"href":"https:\/\/balkonsolarkiel.de\/index.php\/wp-json\/wp\/v2\/pages"}],"about":[{"href":"https:\/\/balkonsolarkiel.de\/index.php\/wp-json\/wp\/v2\/types\/page"}],"author":[{"embeddable":true,"href":"https:\/\/balkonsolarkiel.de\/index.php\/wp-json\/wp\/v2\/users\/5"}],"replies":[{"embeddable":true,"href":"https:\/\/balkonsolarkiel.de\/index.php\/wp-json\/wp\/v2\/comments?post=520"}],"version-history":[{"count":18,"href":"https:\/\/balkonsolarkiel.de\/index.php\/wp-json\/wp\/v2\/pages\/520\/revisions"}],"predecessor-version":[{"id":683,"href":"https:\/\/balkonsolarkiel.de\/index.php\/wp-json\/wp\/v2\/pages\/520\/revisions\/683"}],"wp:attachment":[{"href":"https:\/\/balkonsolarkiel.de\/index.php\/wp-json\/wp\/v2\/media?parent=520"}],"curies":[{"name":"wp","href":"https:\/\/api.w.org\/{rel}","templated":true}]}}