{"id":446,"date":"2023-08-29T17:36:59","date_gmt":"2023-08-29T17:36:59","guid":{"rendered":"https:\/\/balkonsolarkiel.de\/?page_id=446"},"modified":"2024-01-15T12:07:48","modified_gmt":"2024-01-15T12:07:48","slug":"montage-und-voraussetzung-fuer-den-anbau","status":"publish","type":"page","link":"https:\/\/balkonsolarkiel.de\/index.php\/montage-und-voraussetzung-fuer-den-anbau\/","title":{"rendered":"Montage und Voraussetzung f\u00fcr den Anbau"},"content":{"rendered":"\n<p>Balkonsolaranlagen k\u00f6nnen eigentlich \u00fcber all betrieben werden. Werden die Anlagen an einen Balkon befestigt, sind einige mechanischen und rechtlichen Rahmenbedingungen zu beachten:<\/p>\n\n\n\n<p class=\"has-medium-font-size\"><strong>Mechanisch:<\/strong><\/p>\n\n\n\n<p>Sandwichlarmodule sind durch einen Aluminiumrahmen \u201eumrandet\u201c. Dieser Rahmen ist meistens nicht selbsttragend. Das Bedeutet: Es sind 4 Aluminium-Profile die mit einem Silikon-Kleber (oder \u00e4hnlich)  an das &#8222;Sandwich&#8220;, aus geh\u00e4rteter Glasplatte mit dem eigentlichen Solarzellen und der Plastik-R\u00fcckwand, geklebt sind.<\/p>\n\n\n\n<p>Durch diese Methode wird das Glas zum tragenden Teil des Solarmoduls. In der Regel befinden sich in jedem Aluminium-Profile zwei Bohrungen die verwendet werden k\u00f6nnen. Diese halten aber nur dieses Profil. Es ist es also zwingend das mindestens zwei gegen\u00fcber liegende Profile mit einander verbunden werden. Sonst h\u00e4ng das gesamte Modul nur an einem Aluminium-Profil.<\/p>\n\n\n\n<figure class=\"wp-block-image size-large\"><img loading=\"lazy\" decoding=\"async\" width=\"768\" height=\"1024\" src=\"https:\/\/balkonsolarkiel.de\/wp-content\/uploads\/2023\/07\/img_20230714_1237252144299900938991558-768x1024.jpg\" alt=\"\" class=\"wp-image-457\" srcset=\"https:\/\/balkonsolarkiel.de\/wp-content\/uploads\/2023\/07\/img_20230714_1237252144299900938991558-768x1024.jpg 768w, https:\/\/balkonsolarkiel.de\/wp-content\/uploads\/2023\/07\/img_20230714_1237252144299900938991558-225x300.jpg 225w, https:\/\/balkonsolarkiel.de\/wp-content\/uploads\/2023\/07\/img_20230714_1237252144299900938991558-1152x1536.jpg 1152w, https:\/\/balkonsolarkiel.de\/wp-content\/uploads\/2023\/07\/img_20230714_1237252144299900938991558-1536x2048.jpg 1536w, https:\/\/balkonsolarkiel.de\/wp-content\/uploads\/2023\/07\/img_20230714_1237252144299900938991558-scaled.jpg 1920w\" sizes=\"auto, (max-width: 768px) 100vw, 768px\" \/><figcaption class=\"wp-element-caption\">Beispiel f\u00fcr eine Verbindung des oberen und unteren Aluminium-Profils.<\/figcaption><\/figure>\n\n\n\n<p>Wird das Solarmodul an einen Balkon geh\u00e4ngt und \u201eunten\u201c nicht abgest\u00fctzt, m\u00fcssen mindestens das obere und das untere Aluminium-Profil miteinander verschraubt werden.<\/p>\n\n\n\n<p>Anders ist es, wenn die Aluminiumprofil der Solarmodule an den Ecken verschraubt sind. Dann kann der Rahmen wie eine Einheit betrachtet werden.<\/p>\n\n\n\n<p>Werden Solarmodule ohne Glasplatte verwendet, entf\u00e4llt das Problem.<\/p>\n\n\n\n<p class=\"has-medium-font-size\"><strong>Wirkungsgrad und Recht:<\/strong><\/p>\n\n\n\n<p>Solarmodule k\u00f6nnen bis zu 30% mehr Wirkungsgrad bekommen, wenn Sie um ca. 40 Grad zur Sonne gekippt werden ( in Kiel und Umgebung ). <\/p>\n\n\n\n<p>Sollen diese 30% Leistung nicht \u201everschwendet\u201c werden, kann das Solarmodul z. B. mit Gewindestangen und Winkeln am unteren Bereich des Balkons verschraubt werden. <\/p>\n\n\n<div class=\"wp-block-image\">\n<figure class=\"aligncenter size-full is-resized\"><img loading=\"lazy\" decoding=\"async\" width=\"1818\" height=\"1364\" src=\"https:\/\/balkonsolarkiel.de\/wp-content\/uploads\/2023\/07\/IMG_20230621_185656-1-edited.jpg\" alt=\"\" class=\"wp-image-453\" style=\"width:720px;height:540px\" srcset=\"https:\/\/balkonsolarkiel.de\/wp-content\/uploads\/2023\/07\/IMG_20230621_185656-1-edited.jpg 1818w, https:\/\/balkonsolarkiel.de\/wp-content\/uploads\/2023\/07\/IMG_20230621_185656-1-edited-300x225.jpg 300w, https:\/\/balkonsolarkiel.de\/wp-content\/uploads\/2023\/07\/IMG_20230621_185656-1-edited-1024x768.jpg 1024w, https:\/\/balkonsolarkiel.de\/wp-content\/uploads\/2023\/07\/IMG_20230621_185656-1-edited-768x576.jpg 768w, https:\/\/balkonsolarkiel.de\/wp-content\/uploads\/2023\/07\/IMG_20230621_185656-1-edited-1536x1152.jpg 1536w\" sizes=\"auto, (max-width: 1818px) 100vw, 1818px\" \/><\/figure>\n<\/div>\n\n\n<p><\/p>\n\n\n\n<p>Laut \u201eLeitfaden f\u00fcr Steckersolaranlagen\u201c (1) gibt es dann aber einiges zu bedenken ( in 1 Kapitel 10).<\/p>\n\n\n\n<p>Erlaubt ist es \u00fcber privatem Grund, der auch nur privat genutzt wird, \u2013 z. B. Vorg\u00e4rten.<\/p>\n\n\n\n<p>Anders sieht es \u00fcber \u201eVerkehrswegen\u201c aus. B\u00fcrgersteige, Fluchtwege, Zufahrten f\u00fcr die Feuerwehr oder die Abfall-Betriebe sind beispielsweise \u201eVerkehrswege\u201c.<\/p>\n\n\n\n<p>Dort d\u00fcrfen die Solarmodule nur in einer Bauh\u00f6he von 4 Metern gekippt werden. Alles \u00fcber 4 Meter muss senkrecht befestigt werden.<\/p>\n\n\n\n<p>Auch die Halterungswinkel m\u00fcssen einer Norm entsprechen (in 1.) Kapitel 11 \u00dc-Zertifizierung nach DIN EN 1090-2:2011-10).<\/p>\n\n\n\n<p>Solche Winkel werden inzwischen aber von unterschiedlichen Anbietern angeboten.<\/p>\n\n\n\n<p>Hier ein Beispiel: <a href=\"https:\/\/solar-hook.de\/b2b\/product\/montagesystem-als-solar-hook-eckig-fur-1-module\" target=\"_blank\" rel=\"noreferrer noopener\">https:\/\/solar-hook.de\/b2b\/product\/montagesystem-als-solar-hook-eckig-fur-1-module<\/a><\/p>\n\n\n\n<p>Auch hier gilt, Solarmodule aus Plastik haben mit der Montage weniger Problem und weniger rechtliche H\u00fcrden.<\/p>\n\n\n\n<p>1.) Quelle: <a href=\"https:\/\/klimaschutz-im-bundestag.de\/wp-content\/uploads\/2023\/03\/Leitfaden_Steckersolaranlagen.pdf\" target=\"_blank\" rel=\"noreferrer noopener\">https:\/\/klimaschutz-im-bundestag.de\/wp-content\/uploads\/2023\/03\/Leitfaden_Steckersolaranlagen.pdf<\/a><\/p>\n","protected":false},"excerpt":{"rendered":"<p>Balkonsolaranlagen k\u00f6nnen eigentlich \u00fcber all betrieben werden. Werden die Anlagen an einen Balkon befestigt, sind einige mechanischen und rechtlichen Rahmenbedingungen zu beachten: Mechanisch: Sandwichlarmodule sind durch einen Aluminiumrahmen \u201eumrandet\u201c. Dieser Rahmen ist meistens nicht selbsttragend. Das Bedeutet: Es sind 4 Aluminium-Profile die mit einem Silikon-Kleber (oder \u00e4hnlich) an das &#8222;Sandwich&#8220;, aus geh\u00e4rteter Glasplatte mit dem [&hellip;]<\/p>\n","protected":false},"author":5,"featured_media":0,"parent":0,"menu_order":0,"comment_status":"closed","ping_status":"closed","template":"","meta":{"footnotes":""},"class_list":["post-446","page","type-page","status-publish","hentry"],"_links":{"self":[{"href":"https:\/\/balkonsolarkiel.de\/index.php\/wp-json\/wp\/v2\/pages\/446","targetHints":{"allow":["GET"]}}],"collection":[{"href":"https:\/\/balkonsolarkiel.de\/index.php\/wp-json\/wp\/v2\/pages"}],"about":[{"href":"https:\/\/balkonsolarkiel.de\/index.php\/wp-json\/wp\/v2\/types\/page"}],"author":[{"embeddable":true,"href":"https:\/\/balkonsolarkiel.de\/index.php\/wp-json\/wp\/v2\/users\/5"}],"replies":[{"embeddable":true,"href":"https:\/\/balkonsolarkiel.de\/index.php\/wp-json\/wp\/v2\/comments?post=446"}],"version-history":[{"count":16,"href":"https:\/\/balkonsolarkiel.de\/index.php\/wp-json\/wp\/v2\/pages\/446\/revisions"}],"predecessor-version":[{"id":585,"href":"https:\/\/balkonsolarkiel.de\/index.php\/wp-json\/wp\/v2\/pages\/446\/revisions\/585"}],"wp:attachment":[{"href":"https:\/\/balkonsolarkiel.de\/index.php\/wp-json\/wp\/v2\/media?parent=446"}],"curies":[{"name":"wp","href":"https:\/\/api.w.org\/{rel}","templated":true}]}}