{"id":348,"date":"2023-06-16T06:03:06","date_gmt":"2023-06-16T06:03:06","guid":{"rendered":"https:\/\/balkonsolarkiel.de\/?page_id=348"},"modified":"2024-07-26T11:32:36","modified_gmt":"2024-07-26T11:32:36","slug":"anlagen-fuer-die-vorfuehrung-im-nachhaltigkeitszentrum","status":"publish","type":"page","link":"https:\/\/balkonsolarkiel.de\/index.php\/anlagen-fuer-die-vorfuehrung-im-nachhaltigkeitszentrum\/","title":{"rendered":"Anlagen f\u00fcr die Vorf\u00fchrung im Nachhaltigkeitszentrum"},"content":{"rendered":"\n<p>F\u00fcr unsere Pr\u00e4sentationen haben wir mehrere kleine Balkonsolaranlagen beschafft.<\/p>\n\n\n\n<p class=\"has-medium-font-size\"><strong>300 Watt Yuma Balkonsolaranlage<\/strong><\/p>\n\n\n\n<p>Die erste Anlage die wir ausgepackt haben stammt von Yuma. Die Firma war uns aufgefallen da Yuma schon lange auf dem Markt ist und auch bei Nachbarn \u201earbeitet\u201c.<\/p>\n\n\n\n<p>Unsere \u201e<a href=\"https:\/\/www.yuma.de\">Solarset Yuma Balcony 60<\/a>\u00b0 (400)\u201c besteht aus einer Balkon-Montage-Set das unseres Wissens nicht nach DIN EN 1090-2-2011-10 getestet wurde. Die Anlage darf so also nicht \u00fcber Verkehrswegen angebracht werden (siehe auch <a data-type=\"page\" data-id=\"446\" href=\"https:\/\/balkonsolarkiel.de\/index.php\/montage-und-voraussetzung-fuer-den-anbau\/\">Montage und Voraussetzung f\u00fcr den Anbau<\/a>) .<\/p>\n\n\n<div class=\"wp-block-image\">\n<figure class=\"alignleft size-large is-resized\"><img loading=\"lazy\" decoding=\"async\" width=\"1024\" height=\"768\" src=\"https:\/\/balkonsolarkiel.de\/wp-content\/uploads\/2023\/06\/IMG_20230601_184047-2-1024x768.jpg\" alt=\"\" class=\"wp-image-364\" style=\"aspect-ratio:1.3326653306613228;width:463px;height:auto\" srcset=\"https:\/\/balkonsolarkiel.de\/wp-content\/uploads\/2023\/06\/IMG_20230601_184047-2-1024x768.jpg 1024w, https:\/\/balkonsolarkiel.de\/wp-content\/uploads\/2023\/06\/IMG_20230601_184047-2-300x225.jpg 300w, https:\/\/balkonsolarkiel.de\/wp-content\/uploads\/2023\/06\/IMG_20230601_184047-2-768x576.jpg 768w, https:\/\/balkonsolarkiel.de\/wp-content\/uploads\/2023\/06\/IMG_20230601_184047-2-1536x1152.jpg 1536w, https:\/\/balkonsolarkiel.de\/wp-content\/uploads\/2023\/06\/IMG_20230601_184047-2-2048x1536.jpg 2048w\" sizes=\"auto, (max-width: 1024px) 100vw, 1024px\" \/><\/figure>\n<\/div>\n\n\n<p>Als Wechselrichter wird ein Hoymiles HM-300 verwendet. Das Solarmodul kann Maximal 400 Watt liefern. <\/p>\n\n\n\n<p>Das tat die Anlage dann auch, als Sie wir gegen 19 Uhr im Juni getestet haben. Sie schaffte immerhin noch 300 Watt. <\/p>\n\n\n\n<p>Es werden unbedingt viel H\u00e4nde f\u00fcr die Montage ben\u00f6tigt.<\/p>\n\n\n\n<p>F\u00fcr den mechanischen Aufbau wird leider keine echte Anleitung mitgeliefert. Im Netz findet man die Anleitung als PDF. F\u00fcr viele Menschen eine Barriere.<\/p>\n\n\n\n<p class=\"has-medium-font-size\"><strong>300 Watt Anlage von PluginEnergy<\/strong><\/p>\n\n\n\n<p>Die Zweite Anlage kommt von <a href=\"https:\/\/pluginenergy.de\/\">PluginEnergy<\/a>. Wir haben diese Anlage ausgew\u00e4hlt da Plastik-Solarmodule verwendet werden. Diese haben keine Glasplatte als Front und sind daher viel leichter. Wir verwenden eine PiE AIR superLIGHT 380+ COMBO FULL BLACK (All-Inkl. Paket) . Das Paket verwendet zwei einzelne Module, die in Serie geschaltet werden m\u00fcssen. Eine Beschreibung dazu haben wir nicht gefunden. Beide Module m\u00fcssen in Serie geschaltet werden und liefern so ca. 36 V .<\/p>\n\n\n<div class=\"wp-block-image\">\n<figure class=\"alignleft size-large is-resized\"><a href=\"https:\/\/balkonsolarkiel.de\/wp-content\/uploads\/2023\/06\/wp-1686673176135-scaled.jpg\"><img loading=\"lazy\" decoding=\"async\" width=\"1024\" height=\"768\" src=\"https:\/\/balkonsolarkiel.de\/wp-content\/uploads\/2023\/06\/wp-1686673176135-1024x768.jpg\" alt=\"\" class=\"wp-image-367\" style=\"aspect-ratio:1.332535885167464;width:489px;height:auto\" srcset=\"https:\/\/balkonsolarkiel.de\/wp-content\/uploads\/2023\/06\/wp-1686673176135-1024x768.jpg 1024w, https:\/\/balkonsolarkiel.de\/wp-content\/uploads\/2023\/06\/wp-1686673176135-300x225.jpg 300w, https:\/\/balkonsolarkiel.de\/wp-content\/uploads\/2023\/06\/wp-1686673176135-768x576.jpg 768w, https:\/\/balkonsolarkiel.de\/wp-content\/uploads\/2023\/06\/wp-1686673176135-1536x1152.jpg 1536w, https:\/\/balkonsolarkiel.de\/wp-content\/uploads\/2023\/06\/wp-1686673176135-2048x1536.jpg 2048w\" sizes=\"auto, (max-width: 1024px) 100vw, 1024px\" \/><\/a><\/figure>\n<\/div>\n\n\n<p>Beide Module sind etwa \u00e4hnlich gro\u00df wie die von Yuma. Sie wiegen allerdings nur ca. 4 Kg. Leider k\u00f6nnen die Module nur senkrecht aufgeh\u00e4ngt werden. Daf\u00fcr liefert PluginEnergie Klettverbinder, die uns an Spanngurte erinnert haben. <\/p>\n\n\n\n<p>Auch Spanngurte aus dem Baumarkt w\u00fcrden hier einen guten Dienst machen. Die Solarmodule k\u00f6nnen also fast \u00fcberall angebracht werden. Leider ist eine schr\u00e4ge Ausrichtung nicht m\u00f6glich.<\/p>\n\n\n\n<p>PluginEnergy verwendet einen TSUN 300 Watt Wechselrichter. Dieser passt gut zu den beiden Modulen. Auch diese Anlage lieferte ca. 300 Watt um 19 Uhr. Sie war aber schr\u00e4g zur Sonne ausgerichtet.<\/p>\n\n\n<div class=\"wp-block-image\">\n<figure class=\"alignleft size-large is-resized\"><img loading=\"lazy\" decoding=\"async\" width=\"1024\" height=\"768\" src=\"https:\/\/balkonsolarkiel.de\/wp-content\/uploads\/2023\/06\/wp-1686673176191-1024x768.jpg\" alt=\"\" class=\"wp-image-368\" style=\"aspect-ratio:1.3339920948616601;width:501px;height:auto\" srcset=\"https:\/\/balkonsolarkiel.de\/wp-content\/uploads\/2023\/06\/wp-1686673176191-1024x768.jpg 1024w, https:\/\/balkonsolarkiel.de\/wp-content\/uploads\/2023\/06\/wp-1686673176191-300x225.jpg 300w, https:\/\/balkonsolarkiel.de\/wp-content\/uploads\/2023\/06\/wp-1686673176191-768x576.jpg 768w, https:\/\/balkonsolarkiel.de\/wp-content\/uploads\/2023\/06\/wp-1686673176191-1536x1152.jpg 1536w, https:\/\/balkonsolarkiel.de\/wp-content\/uploads\/2023\/06\/wp-1686673176191-2048x1536.jpg 2048w\" sizes=\"auto, (max-width: 1024px) 100vw, 1024px\" \/><\/figure>\n<\/div>\n\n\n<p class=\"has-medium-font-size\"><strong>Kleine selbstbau Anlage<\/strong><\/p>\n\n\n\n<p>Die kleinste Anlage besteht aus zwei 100 Watt Modulen, die wir von &#8222;<a href=\"https:\/\/www.ebay.de\/str\/arcsgermanyshop\">ARCS Germany Shop<\/a>&#8220; &#8211; einem Neum\u00fcnsteraner H\u00e4ndler &#8211; beschafft haben. Die Solarmodule kommen aus Deutschland. Beide Module m\u00fcssen in Serie geschaltet werden.<\/p>\n\n\n\n<p>Durch die \u201eKieler-Fahrradhaken\u201c Anbringung kann die Anlage jederzeit auf und ab gebaut werden. Wir haben sie mit einem Hoymiles HM-300 getestet und sind auf ca. 130 Watt gekommen. Die Anlage kostet so ca. 250 Euro.<\/p>\n\n\n<div class=\"wp-block-image\">\n<figure class=\"alignleft size-large is-resized\"><img loading=\"lazy\" decoding=\"async\" width=\"1024\" height=\"768\" src=\"https:\/\/balkonsolarkiel.de\/wp-content\/uploads\/2023\/06\/wp-1686852207299-edited-1024x768.jpg\" alt=\"\" class=\"wp-image-391\" style=\"aspect-ratio:1.333969465648855;width:519px;height:auto\" srcset=\"https:\/\/balkonsolarkiel.de\/wp-content\/uploads\/2023\/06\/wp-1686852207299-edited-1024x768.jpg 1024w, https:\/\/balkonsolarkiel.de\/wp-content\/uploads\/2023\/06\/wp-1686852207299-edited-300x225.jpg 300w, https:\/\/balkonsolarkiel.de\/wp-content\/uploads\/2023\/06\/wp-1686852207299-edited-768x576.jpg 768w, https:\/\/balkonsolarkiel.de\/wp-content\/uploads\/2023\/06\/wp-1686852207299-edited.jpg 1333w\" sizes=\"auto, (max-width: 1024px) 100vw, 1024px\" \/><\/figure>\n<\/div>\n\n\n<p>&#8211;&gt; <a href=\"https:\/\/balkonsolarkiel.de\/index.php\/ganz-handlich\/\" target=\"_blank\" rel=\"noreferrer noopener\">Weitere Anlagen<\/a><\/p>\n","protected":false},"excerpt":{"rendered":"<p>F\u00fcr unsere Pr\u00e4sentationen haben wir mehrere kleine Balkonsolaranlagen beschafft. 300 Watt Yuma Balkonsolaranlage Die erste Anlage die wir ausgepackt haben stammt von Yuma. Die Firma war uns aufgefallen da Yuma schon lange auf dem Markt ist und auch bei Nachbarn \u201earbeitet\u201c. Unsere \u201eSolarset Yuma Balcony 60\u00b0 (400)\u201c besteht aus einer Balkon-Montage-Set das unseres Wissens nicht [&hellip;]<\/p>\n","protected":false},"author":1,"featured_media":0,"parent":0,"menu_order":0,"comment_status":"closed","ping_status":"closed","template":"","meta":{"footnotes":""},"class_list":["post-348","page","type-page","status-publish","hentry"],"_links":{"self":[{"href":"https:\/\/balkonsolarkiel.de\/index.php\/wp-json\/wp\/v2\/pages\/348","targetHints":{"allow":["GET"]}}],"collection":[{"href":"https:\/\/balkonsolarkiel.de\/index.php\/wp-json\/wp\/v2\/pages"}],"about":[{"href":"https:\/\/balkonsolarkiel.de\/index.php\/wp-json\/wp\/v2\/types\/page"}],"author":[{"embeddable":true,"href":"https:\/\/balkonsolarkiel.de\/index.php\/wp-json\/wp\/v2\/users\/1"}],"replies":[{"embeddable":true,"href":"https:\/\/balkonsolarkiel.de\/index.php\/wp-json\/wp\/v2\/comments?post=348"}],"version-history":[{"count":17,"href":"https:\/\/balkonsolarkiel.de\/index.php\/wp-json\/wp\/v2\/pages\/348\/revisions"}],"predecessor-version":[{"id":812,"href":"https:\/\/balkonsolarkiel.de\/index.php\/wp-json\/wp\/v2\/pages\/348\/revisions\/812"}],"wp:attachment":[{"href":"https:\/\/balkonsolarkiel.de\/index.php\/wp-json\/wp\/v2\/media?parent=348"}],"curies":[{"name":"wp","href":"https:\/\/api.w.org\/{rel}","templated":true}]}}