{"id":258,"date":"2023-04-01T09:19:05","date_gmt":"2023-04-01T09:19:05","guid":{"rendered":"https:\/\/balkonsolarkiel.de\/?page_id=258"},"modified":"2025-10-01T07:50:04","modified_gmt":"2025-10-01T07:50:04","slug":"wo-bekomme-ich-was","status":"publish","type":"page","link":"https:\/\/balkonsolarkiel.de\/index.php\/wo-bekomme-ich-was\/","title":{"rendered":"Wo bekomme ich was?"},"content":{"rendered":"\n<p>Diese Auswahl soll nur die Suche erleichtern. Wir haben die Produkte zum Teil gekauft und k\u00f6nnen Sie in unseren Augen empfehlen, das ist aber keine Garantie f\u00fcr gleichbleibende Qualit\u00e4t. Generell ist es wichtig m\u00f6glichst bei Deutschen Interneth\u00e4ndlern zu kaufen und auch hier m\u00f6glichst regional!<\/p>\n\n\n\n<p><strong>Anbietersuche auf Ebay f\u00fcr Fensterdurchf\u00fchrungs Kabel f\u00fcr Balkone ohne Steckdose<\/strong><\/p>\n\n\n\n<p><a href=\"https:\/\/www.ebay.de\/sch\/i.html?_from=R40&amp;_trksid=p2332490.m570.l1313&amp;_nkw=Solarkabel+Fensterdurchf%C3%BChrung+4mm%C2%B2+Flachkabel+PV+Kabel+f%C3%BCr+Balkonkraftwerk&amp;_sacat=0\" target=\"_blank\" rel=\"noreferrer noopener\">https:\/\/www.ebay.de\/sch\/i.html?_from=R40&amp;_trksid=p2332490.m570.l1313&amp;_nkw=Solarkabel+Fensterdurchf%C3%BChrung+4mm%C2%B2+Flachkabel+PV+Kabel+f%C3%BCr+Balkonkraftwerk&amp;_sacat=0<\/a><\/p>\n\n\n\n<p class=\"has-medium-font-size\"><strong>Anbieter f\u00fcr Solarmodul ohne Versandkosten:<\/strong><\/p>\n\n\n\n<p>z.B. bei Ebay:<\/p>\n\n\n\n<p><a href=\"https:\/\/www.ebay.de\/str\/solartronics09\" target=\"_blank\" rel=\"noreferrer noopener\">https:\/\/www.ebay.de\/str\/solartronics09<\/a><\/p>\n\n\n\n<p>aus Neum\u00fcnster:<\/p>\n\n\n\n<p><a href=\"https:\/\/www.ebay.de\/str\/arcsgermanyshop\" target=\"_blank\" rel=\"noreferrer noopener\">https:\/\/www.ebay.de\/str\/arcsgermanyshop<\/a><\/p>\n\n\n\n<p>Die meisten verkauften Solarmodule k\u00f6nnen nicht alleine verwendet werden. Bitte achtet auf die Spannungs-Werte. So m\u00fcssen z.B. bei 18 Volt 2 Module in Serie (siehe Was ist Was) geschaltet werden damit ein Betrieb an Wechselrichter m\u00f6glich ist.<\/p>\n\n\n\n<p>Dies sind nur Beispiel. Bitte denkt an die Versandkosten von Solarmodulen!<\/p>\n\n\n\n<p class=\"has-medium-font-size\"><strong><em>NEU: <\/em>  Solarmodule aus Kiel <em>ohne Versand!<\/em><\/strong><\/p>\n\n\n\n<p><a href=\"https:\/\/elektro-welo.de\/\">https:\/\/elektro-welo.de\/<\/a><\/p>\n\n\n\n<p><\/p>\n\n\n\n<p class=\"has-medium-font-size\"><strong>Einfache Solarmodul Halterungen<\/strong><\/p>\n\n\n\n<p class=\"has-medium-font-size\"><a href=\"https:\/\/ebay.us\/m\/AHrB37\">https:\/\/ebay.us\/m\/AHrB37<\/a><\/p>\n\n\n\n<p><\/p>\n\n\n\n<p style=\"font-size:21px\"><strong>Komplette Balkonsolaranlagen<\/strong><\/p>\n\n\n\n<p>Diese Auswahl ist durch Erfahrungen und Kontakten entstanden.<\/p>\n\n\n\n<figure class=\"wp-block-embed is-type-wp-embed is-provider-pluginenergy wp-block-embed-pluginenergy\"><div class=\"wp-block-embed__wrapper\">\n<blockquote class=\"wp-embedded-content\" data-secret=\"aC0pORxJ9c\"><a href=\"https:\/\/pluginenergy.de\/kontakt\/\">Kontakt<\/a><\/blockquote><iframe loading=\"lazy\" class=\"wp-embedded-content\" sandbox=\"allow-scripts\" security=\"restricted\" style=\"position: absolute; clip: rect(1px, 1px, 1px, 1px);\" title=\"&#8222;Kontakt&#8220; &#8212; PluginEnergy\" src=\"https:\/\/pluginenergy.de\/kontakt\/embed\/#?secret=GINaQj2DUO#?secret=aC0pORxJ9c\" data-secret=\"aC0pORxJ9c\" width=\"600\" height=\"338\" frameborder=\"0\" marginwidth=\"0\" marginheight=\"0\" scrolling=\"no\"><\/iframe>\n<\/div><figcaption class=\"wp-element-caption\"><a href=\"https:\/\/pluginenergy.de\/kontakt\/\">Stellt u.a. leichte Balkonsolaranlagen her.<\/a><\/figcaption><\/figure>\n\n\n\n<p>______________________________________________<\/p>\n\n\n\n<p><a href=\"https:\/\/www.yuma.de\/\">Yuma<\/a>  Mach deinen eigenen Strom<\/p>\n\n\n\n<p>oder <\/p>\n\n\n\n<p><a href=\"https:\/\/www.ebay.de\/str\/helloyuma?mkcid=16&amp;mkevt=1&amp;mkrid=707-127634-2357-0&amp;ssspo=68zgnplmr1e&amp;sssrc=3418065&amp;ssuid=rEhSyK0eRbO&amp;widget_ver=artemis&amp;media=COPY\" target=\"_blank\" rel=\"noreferrer noopener\">Yuma eBay Shop<\/a> <\/p>\n\n\n\n<p><\/p>\n","protected":false},"excerpt":{"rendered":"<p>Diese Auswahl soll nur die Suche erleichtern. Wir haben die Produkte zum Teil gekauft und k\u00f6nnen Sie in unseren Augen empfehlen, das ist aber keine Garantie f\u00fcr gleichbleibende Qualit\u00e4t. Generell ist es wichtig m\u00f6glichst bei Deutschen Interneth\u00e4ndlern zu kaufen und auch hier m\u00f6glichst regional! Anbietersuche auf Ebay f\u00fcr Fensterdurchf\u00fchrungs Kabel f\u00fcr Balkone ohne Steckdose https:\/\/www.ebay.de\/sch\/i.html?_from=R40&amp;_trksid=p2332490.m570.l1313&amp;_nkw=Solarkabel+Fensterdurchf%C3%BChrung+4mm%C2%B2+Flachkabel+PV+Kabel+f%C3%BCr+Balkonkraftwerk&amp;_sacat=0 [&hellip;]<\/p>\n","protected":false},"author":1,"featured_media":0,"parent":0,"menu_order":0,"comment_status":"closed","ping_status":"closed","template":"","meta":{"footnotes":""},"class_list":["post-258","page","type-page","status-publish","hentry"],"_links":{"self":[{"href":"https:\/\/balkonsolarkiel.de\/index.php\/wp-json\/wp\/v2\/pages\/258","targetHints":{"allow":["GET"]}}],"collection":[{"href":"https:\/\/balkonsolarkiel.de\/index.php\/wp-json\/wp\/v2\/pages"}],"about":[{"href":"https:\/\/balkonsolarkiel.de\/index.php\/wp-json\/wp\/v2\/types\/page"}],"author":[{"embeddable":true,"href":"https:\/\/balkonsolarkiel.de\/index.php\/wp-json\/wp\/v2\/users\/1"}],"replies":[{"embeddable":true,"href":"https:\/\/balkonsolarkiel.de\/index.php\/wp-json\/wp\/v2\/comments?post=258"}],"version-history":[{"count":16,"href":"https:\/\/balkonsolarkiel.de\/index.php\/wp-json\/wp\/v2\/pages\/258\/revisions"}],"predecessor-version":[{"id":999,"href":"https:\/\/balkonsolarkiel.de\/index.php\/wp-json\/wp\/v2\/pages\/258\/revisions\/999"}],"wp:attachment":[{"href":"https:\/\/balkonsolarkiel.de\/index.php\/wp-json\/wp\/v2\/media?parent=258"}],"curies":[{"name":"wp","href":"https:\/\/api.w.org\/{rel}","templated":true}]}}