{"id":220,"date":"2023-03-14T18:36:47","date_gmt":"2023-03-14T18:36:47","guid":{"rendered":"https:\/\/balkonsolarkiel.de\/?page_id=220"},"modified":"2026-04-06T17:34:16","modified_gmt":"2026-04-06T17:34:16","slug":"gebrauchte-solarmodule","status":"publish","type":"page","link":"https:\/\/balkonsolarkiel.de\/index.php\/gebrauchte-solarmodule\/","title":{"rendered":"Gebrauchte Solarmodule"},"content":{"rendered":"\n<p>Solarmodule k\u00f6nnen weit \u00fcber 20 Jahre alt werden. Viele Menschen tauschen Ihre Solarmodule, wenn diese nicht mehr gef\u00f6rdert werden.<\/p>\n\n\n\n<p>Wir versuchen diese Zellen vor der \u201eVerschrottung\u201c zu retten.<\/p>\n\n\n\n<p>Hier ein Beispiel:<\/p>\n\n\n\n<p>Module der Firma <strong>Talesun-TP660P-250<\/strong> sind ca. 10 Jahre alt und liefern 250 Watt. <br>Vor dem Transport haben wir alle Module einmal &#8222;getestet&#8220; und bei tr\u00fcbem Wetter <br>\u00fcberpr\u00fcft. An allem MC4-Stecke lag Spannung an!<\/p>\n\n\n\n<figure class=\"wp-block-image size-large is-resized\"><img loading=\"lazy\" decoding=\"async\" width=\"1024\" height=\"925\" src=\"https:\/\/balkonsolarkiel.de\/wp-content\/uploads\/2026\/04\/P1044984-klein-1024x925.jpg\" alt=\"\" class=\"wp-image-1023\" style=\"width:465px;height:auto\" srcset=\"https:\/\/balkonsolarkiel.de\/wp-content\/uploads\/2026\/04\/P1044984-klein-1024x925.jpg 1024w, https:\/\/balkonsolarkiel.de\/wp-content\/uploads\/2026\/04\/P1044984-klein-300x271.jpg 300w, https:\/\/balkonsolarkiel.de\/wp-content\/uploads\/2026\/04\/P1044984-klein-768x694.jpg 768w, https:\/\/balkonsolarkiel.de\/wp-content\/uploads\/2026\/04\/P1044984-klein-1536x1387.jpg 1536w, https:\/\/balkonsolarkiel.de\/wp-content\/uploads\/2026\/04\/P1044984-klein-2048x1849.jpg 2048w\" sizes=\"auto, (max-width: 1024px) 100vw, 1024px\" \/><\/figure>\n\n\n\n<p>Mit eine Spannung von 37,3V  sind die Module bestens f\u00fcr Balkon-Solar-Wechselrichter geeignet.<\/p>\n\n\n\n<figure class=\"wp-block-image size-large\"><a href=\"https:\/\/balkonsolarkiel.de\/wp-content\/uploads\/2026\/04\/IMG_20260225_182743-scaled.jpg\"><img loading=\"lazy\" decoding=\"async\" width=\"473\" height=\"1024\" src=\"https:\/\/balkonsolarkiel.de\/wp-content\/uploads\/2026\/04\/IMG_20260225_182743-473x1024.jpg\" alt=\"\" class=\"wp-image-1024\" style=\"aspect-ratio:0.46192037757822796\" srcset=\"https:\/\/balkonsolarkiel.de\/wp-content\/uploads\/2026\/04\/IMG_20260225_182743-473x1024.jpg 473w, https:\/\/balkonsolarkiel.de\/wp-content\/uploads\/2026\/04\/IMG_20260225_182743-138x300.jpg 138w, https:\/\/balkonsolarkiel.de\/wp-content\/uploads\/2026\/04\/IMG_20260225_182743-768x1664.jpg 768w, https:\/\/balkonsolarkiel.de\/wp-content\/uploads\/2026\/04\/IMG_20260225_182743-709x1536.jpg 709w, https:\/\/balkonsolarkiel.de\/wp-content\/uploads\/2026\/04\/IMG_20260225_182743-945x2048.jpg 945w, https:\/\/balkonsolarkiel.de\/wp-content\/uploads\/2026\/04\/IMG_20260225_182743-scaled.jpg 1181w\" sizes=\"auto, (max-width: 473px) 100vw, 473px\" \/><\/a><\/figure>\n\n\n\n<p>Die Module waren in Flensburg im betrieb.<br><\/p>\n\n\n\n<figure class=\"wp-block-image size-large is-resized\"><a href=\"https:\/\/balkonsolarkiel.de\/wp-content\/uploads\/2026\/04\/P1045000-klein-scaled.jpg\"><img loading=\"lazy\" decoding=\"async\" width=\"1024\" height=\"807\" src=\"https:\/\/balkonsolarkiel.de\/wp-content\/uploads\/2026\/04\/P1045000-klein-1024x807.jpg\" alt=\"\" class=\"wp-image-1021\" style=\"width:477px;height:auto\" srcset=\"https:\/\/balkonsolarkiel.de\/wp-content\/uploads\/2026\/04\/P1045000-klein-1024x807.jpg 1024w, https:\/\/balkonsolarkiel.de\/wp-content\/uploads\/2026\/04\/P1045000-klein-300x237.jpg 300w, https:\/\/balkonsolarkiel.de\/wp-content\/uploads\/2026\/04\/P1045000-klein-768x606.jpg 768w, https:\/\/balkonsolarkiel.de\/wp-content\/uploads\/2026\/04\/P1045000-klein-1536x1211.jpg 1536w, https:\/\/balkonsolarkiel.de\/wp-content\/uploads\/2026\/04\/P1045000-klein-2048x1615.jpg 2048w\" sizes=\"auto, (max-width: 1024px) 100vw, 1024px\" \/><\/a><\/figure>\n\n\n\n<p>Wir haben 14 Module nach Kiel gefahren, um Sie gegen einen unkostenbeitrag weiterzugeben!<\/p>\n\n\n\n<figure class=\"wp-block-image size-large\"><img loading=\"lazy\" decoding=\"async\" width=\"976\" height=\"1024\" src=\"https:\/\/balkonsolarkiel.de\/wp-content\/uploads\/2026\/04\/P1045002Klein-976x1024.jpg\" alt=\"\" class=\"wp-image-1022\" srcset=\"https:\/\/balkonsolarkiel.de\/wp-content\/uploads\/2026\/04\/P1045002Klein-976x1024.jpg 976w, https:\/\/balkonsolarkiel.de\/wp-content\/uploads\/2026\/04\/P1045002Klein-286x300.jpg 286w, https:\/\/balkonsolarkiel.de\/wp-content\/uploads\/2026\/04\/P1045002Klein-768x806.jpg 768w, https:\/\/balkonsolarkiel.de\/wp-content\/uploads\/2026\/04\/P1045002Klein-1463x1536.jpg 1463w, https:\/\/balkonsolarkiel.de\/wp-content\/uploads\/2026\/04\/P1045002Klein-1951x2048.jpg 1951w\" sizes=\"auto, (max-width: 976px) 100vw, 976px\" \/><\/figure>\n\n\n\n<p>Hier finden Sie die PDF-Dokumentation der Solarmodule. -><a href=\"https:\/\/balkonsolarkiel.de\/wp-content\/uploads\/2026\/04\/talesun-TP660P_DE.pdf\" target=\"_blank\" rel=\"noreferrer noopener\">PDF-Dokumentation<\/a><\/p>\n\n\n\n<p><\/p>\n\n\n\n<p>______________________________________<\/p>\n\n\n\n<p><\/p>\n","protected":false},"excerpt":{"rendered":"<p>Solarmodule k\u00f6nnen weit \u00fcber 20 Jahre alt werden. Viele Menschen tauschen Ihre Solarmodule, wenn diese nicht mehr gef\u00f6rdert werden. Wir versuchen diese Zellen vor der \u201eVerschrottung\u201c zu retten. Hier ein Beispiel: Module der Firma Talesun-TP660P-250 sind ca. 10 Jahre alt und liefern 250 Watt. Vor dem Transport haben wir alle Module einmal &#8222;getestet&#8220; und bei [&hellip;]<\/p>\n","protected":false},"author":1,"featured_media":0,"parent":0,"menu_order":0,"comment_status":"closed","ping_status":"closed","template":"","meta":{"footnotes":""},"class_list":["post-220","page","type-page","status-publish","hentry"],"_links":{"self":[{"href":"https:\/\/balkonsolarkiel.de\/index.php\/wp-json\/wp\/v2\/pages\/220","targetHints":{"allow":["GET"]}}],"collection":[{"href":"https:\/\/balkonsolarkiel.de\/index.php\/wp-json\/wp\/v2\/pages"}],"about":[{"href":"https:\/\/balkonsolarkiel.de\/index.php\/wp-json\/wp\/v2\/types\/page"}],"author":[{"embeddable":true,"href":"https:\/\/balkonsolarkiel.de\/index.php\/wp-json\/wp\/v2\/users\/1"}],"replies":[{"embeddable":true,"href":"https:\/\/balkonsolarkiel.de\/index.php\/wp-json\/wp\/v2\/comments?post=220"}],"version-history":[{"count":24,"href":"https:\/\/balkonsolarkiel.de\/index.php\/wp-json\/wp\/v2\/pages\/220\/revisions"}],"predecessor-version":[{"id":1030,"href":"https:\/\/balkonsolarkiel.de\/index.php\/wp-json\/wp\/v2\/pages\/220\/revisions\/1030"}],"wp:attachment":[{"href":"https:\/\/balkonsolarkiel.de\/index.php\/wp-json\/wp\/v2\/media?parent=220"}],"curies":[{"name":"wp","href":"https:\/\/api.w.org\/{rel}","templated":true}]}}