{"id":108,"date":"2023-02-12T13:56:59","date_gmt":"2023-02-12T13:56:59","guid":{"rendered":"https:\/\/balkonsolarkiel.de\/?page_id=108"},"modified":"2023-07-14T12:41:13","modified_gmt":"2023-07-14T12:41:13","slug":"bauanleitung-kieler-balkon-solar-anlage","status":"publish","type":"page","link":"https:\/\/balkonsolarkiel.de\/index.php\/bauanleitung-kieler-balkon-solar-anlage\/","title":{"rendered":"Bauanleitung Kieler Balkon-Solar-Anlage."},"content":{"rendered":"\n<p><a href=\"https:\/\/balkonsolarkiel.de\/wp-content\/uploads\/2023\/02\/Bauanleitung.pdf\">Zur gesamten Bauanleitung mit schritt f\u00fcr schritt Fotos als PDF-Dokument<\/a><\/p>\n\n\n\n<p>Um in jeder Wohnung eine Balkon-Solar-Anlage zu betreiben, haben wir eine Bauanleitung ausprobiert und stellen die Anleitung hier vor.<\/p>\n\n\n\n<p><a href=\"https:\/\/balkonsolarkiel.de\/index.php\/montage-und-voraussetzung-fuer-den-anbau\/\" data-type=\"page\" data-id=\"446\">Bitte Informieren Sie sich hier \u00fcber die allgemeinen Informationen zur Montage von Balkon-Solar-Anlagen. <\/a><\/p>\n\n\n\n<p><strong>Wichtig dies ist eine Anleitung wir \u00fcbernehmen keine Haftung. Bitte bereitet den Zusammenbau sorgsam vor und lasst Euch zeit dabei:<\/strong><\/p>\n\n\n\n<p>Damit Ihr wisst wie es am Ende aussehen soll Hier ein paar Bilder:<\/p>\n\n\n\n<p><\/p>\n\n\n<div class=\"wp-block-image\">\n<figure class=\"aligncenter size-full is-resized\"><a href=\"https:\/\/balkonsolarkiel.de\/wp-content\/uploads\/2023\/02\/Bauanleitung_html_76fd2e7a0b782c83.jpg\" target=\"_blank\" rel=\"noreferrer noopener\"><img loading=\"lazy\" decoding=\"async\" src=\"https:\/\/balkonsolarkiel.de\/wp-content\/uploads\/2023\/02\/Bauanleitung_html_76fd2e7a0b782c83.jpg\" alt=\"\" class=\"wp-image-110\" width=\"512\" height=\"384\" srcset=\"https:\/\/balkonsolarkiel.de\/wp-content\/uploads\/2023\/02\/Bauanleitung_html_76fd2e7a0b782c83.jpg 1024w, https:\/\/balkonsolarkiel.de\/wp-content\/uploads\/2023\/02\/Bauanleitung_html_76fd2e7a0b782c83-300x225.jpg 300w, https:\/\/balkonsolarkiel.de\/wp-content\/uploads\/2023\/02\/Bauanleitung_html_76fd2e7a0b782c83-768x576.jpg 768w\" sizes=\"auto, (max-width: 512px) 100vw, 512px\" \/><\/a><figcaption class=\"wp-element-caption\"><em>Schaubild 1: Solarzellen h\u00e4ngt am Balkon<\/em><\/figcaption><\/figure>\n<\/div>\n\n\n<p>Solarmodul \u2013 in unserem Fall ein gebrauchtes Siemens-Modul \u2013 wiegt etwa 12Kg. Es wird gehalten an einem Alu-Quer-Profil das am Modul festgeschraubt wird.<\/p>\n\n\n\n<p>Am Alu-Quer-Profil sind Fahrrad-Hacken geschraubt.<\/p>\n\n\n\n<p>Die Hacken sind aus Stahl und k\u00f6nnen jeweils bis zu 30Kg halten.<br>Wenn alles fertig ist kann auch ein Wechselrichter angeschraubt werden.<img decoding=\"async\" width=\"80%\" height=\"auto\" src=\"\"><br><\/p>\n\n\n<div class=\"wp-block-image\">\n<figure class=\"aligncenter size-full is-resized\"><a href=\"https:\/\/balkonsolarkiel.de\/wp-content\/uploads\/2023\/02\/Bauanleitung_html_cf73cdaba105cc6e.jpg\" target=\"_blank\" rel=\"noreferrer noopener\"><img loading=\"lazy\" decoding=\"async\" src=\"https:\/\/balkonsolarkiel.de\/wp-content\/uploads\/2023\/02\/Bauanleitung_html_cf73cdaba105cc6e.jpg\" alt=\"\" class=\"wp-image-111\" width=\"384\" height=\"512\" srcset=\"https:\/\/balkonsolarkiel.de\/wp-content\/uploads\/2023\/02\/Bauanleitung_html_cf73cdaba105cc6e.jpg 768w, https:\/\/balkonsolarkiel.de\/wp-content\/uploads\/2023\/02\/Bauanleitung_html_cf73cdaba105cc6e-225x300.jpg 225w\" sizes=\"auto, (max-width: 384px) 100vw, 384px\" \/><\/a><figcaption class=\"wp-element-caption\"><em>Schaubild 2: Fertige Anlage mit Spanngurt als Sicherung<\/em><\/figcaption><\/figure>\n<\/div>\n\n\n<p class=\"has-medium-font-size\"><strong>Was wird gebraucht:<\/strong><\/p>\n\n\n\n<p>Das Aluprofil ist 2 mm dick, 6 cm tief und 2,5 cm hoch und 1m lang.<\/p>\n\n\n\n<div class=\"wp-block-group\"><div class=\"wp-block-group__inner-container is-layout-constrained wp-block-group-is-layout-constrained\">\n<figure class=\"wp-block-image size-large is-resized\"><a href=\"https:\/\/balkonsolarkiel.de\/wp-content\/uploads\/2023\/02\/AluprofilAbmessung.png\" target=\"_blank\" rel=\"noreferrer noopener\"><img loading=\"lazy\" decoding=\"async\" src=\"https:\/\/balkonsolarkiel.de\/wp-content\/uploads\/2023\/02\/AluprofilAbmessung-1024x828.png\" alt=\"\" class=\"wp-image-121\" width=\"768\" height=\"621\" srcset=\"https:\/\/balkonsolarkiel.de\/wp-content\/uploads\/2023\/02\/AluprofilAbmessung-1024x828.png 1024w, https:\/\/balkonsolarkiel.de\/wp-content\/uploads\/2023\/02\/AluprofilAbmessung-300x243.png 300w, https:\/\/balkonsolarkiel.de\/wp-content\/uploads\/2023\/02\/AluprofilAbmessung-768x621.png 768w, https:\/\/balkonsolarkiel.de\/wp-content\/uploads\/2023\/02\/AluprofilAbmessung.png 1186w\" sizes=\"auto, (max-width: 768px) 100vw, 768px\" \/><\/a><\/figure>\n<\/div><\/div>\n\n\n\n<p>Wir brauchen gute Metall-Schrauber mit 4, 5, 6 und 8mm Durchmesser.<\/p>\n\n\n\n<figure class=\"wp-block-image size-large\"><a href=\"https:\/\/balkonsolarkiel.de\/wp-content\/uploads\/2023\/02\/schraubengroesse.png\" target=\"_blank\" rel=\"noreferrer noopener\"><img loading=\"lazy\" decoding=\"async\" width=\"1024\" height=\"531\" src=\"https:\/\/balkonsolarkiel.de\/wp-content\/uploads\/2023\/02\/schraubengroesse-1024x531.png\" alt=\"\" class=\"wp-image-122\" srcset=\"https:\/\/balkonsolarkiel.de\/wp-content\/uploads\/2023\/02\/schraubengroesse-1024x531.png 1024w, https:\/\/balkonsolarkiel.de\/wp-content\/uploads\/2023\/02\/schraubengroesse-300x156.png 300w, https:\/\/balkonsolarkiel.de\/wp-content\/uploads\/2023\/02\/schraubengroesse-768x398.png 768w, https:\/\/balkonsolarkiel.de\/wp-content\/uploads\/2023\/02\/schraubengroesse-1536x797.png 1536w, https:\/\/balkonsolarkiel.de\/wp-content\/uploads\/2023\/02\/schraubengroesse.png 1845w\" sizes=\"auto, (max-width: 1024px) 100vw, 1024px\" \/><\/a><\/figure>\n\n\n\n<p><\/p>\n\n\n\n<p>Unsere Konstruktion wird durch Schrauben zusammengehalten. Immer selbst sicheren Muttern verwenden!<\/p>\n\n\n<div class=\"wp-block-image\">\n<figure class=\"aligncenter size-full is-resized\"><a href=\"https:\/\/balkonsolarkiel.de\/wp-content\/uploads\/2023\/02\/Bauanleitung_html_c37abec1eedeb8b2.jpg\" target=\"_blank\" rel=\"noreferrer noopener\"><img loading=\"lazy\" decoding=\"async\" src=\"https:\/\/balkonsolarkiel.de\/wp-content\/uploads\/2023\/02\/Bauanleitung_html_c37abec1eedeb8b2.jpg\" alt=\"\" class=\"wp-image-115\" width=\"512\" height=\"384\" srcset=\"https:\/\/balkonsolarkiel.de\/wp-content\/uploads\/2023\/02\/Bauanleitung_html_c37abec1eedeb8b2.jpg 1024w, https:\/\/balkonsolarkiel.de\/wp-content\/uploads\/2023\/02\/Bauanleitung_html_c37abec1eedeb8b2-300x225.jpg 300w, https:\/\/balkonsolarkiel.de\/wp-content\/uploads\/2023\/02\/Bauanleitung_html_c37abec1eedeb8b2-768x576.jpg 768w\" sizes=\"auto, (max-width: 512px) 100vw, 512px\" \/><\/a><\/figure>\n<\/div>\n\n\n<p>Zwei Fahrrad-Hacken, vier hochwertige nicht Rostende Schrauben 4mm Durchmesser und 2cm L\u00e4nge aus dem Baumarkt ihre vertrauens.<\/p>\n\n\n<div class=\"wp-block-image\">\n<figure class=\"aligncenter size-full is-resized\"><a href=\"https:\/\/balkonsolarkiel.de\/wp-content\/uploads\/2023\/02\/Bauanleitung_html_bf263b109c4c6dc1.jpg\" target=\"_blank\" rel=\"noreferrer noopener\"><img loading=\"lazy\" decoding=\"async\" src=\"https:\/\/balkonsolarkiel.de\/wp-content\/uploads\/2023\/02\/Bauanleitung_html_bf263b109c4c6dc1.jpg\" alt=\"\" class=\"wp-image-116\" width=\"576\" height=\"768\" srcset=\"https:\/\/balkonsolarkiel.de\/wp-content\/uploads\/2023\/02\/Bauanleitung_html_bf263b109c4c6dc1.jpg 768w, https:\/\/balkonsolarkiel.de\/wp-content\/uploads\/2023\/02\/Bauanleitung_html_bf263b109c4c6dc1-225x300.jpg 225w\" sizes=\"auto, (max-width: 576px) 100vw, 576px\" \/><\/a><\/figure>\n<\/div>\n\n\n<p>2 x nicht Rostende Schrauben 6mm Durchmesser und 2cm L\u00e4nge.<\/p>\n\n\n\n<p>St\u00fcckliste:<\/p>\n\n\n\n<figure class=\"wp-block-table\"><table><tbody><tr><td><strong>Anzahl<\/strong><\/td><td><strong>Name<\/strong><\/td><td><strong>Quelle<\/strong><\/td><td><strong>Hinweis<\/strong><\/td><\/tr><tr><\/tr><tr><\/tr><tr><\/tr><tr><\/tr><tr><\/tr><tr><\/tr><tr><\/tr><tr><\/tr><tr><\/tr><tr><td>2<\/td><td>Stabilit Fahrradhaken 9 x 12,5 cm, Belastbarkeit: 30 kg, Verzinkt<\/td><td>Baumarkt<\/td><td>Auf Belastung achten!<\/td><\/tr><tr><\/tr><tr><\/tr><tr><\/tr><tr><\/tr><tr><\/tr><tr><\/tr><tr><\/tr><tr><\/tr><tr><\/tr><tr><td>10<\/td><td>Edelstahl schrauben M4 x 20mm<\/td><td>Baumarkt<\/td><td><br><\/td><\/tr><tr><\/tr><tr><\/tr><tr><\/tr><tr><\/tr><tr><\/tr><tr><\/tr><tr><\/tr><tr><\/tr><tr><\/tr><tr><td>10<\/td><td>M4 Unterlegscheiben<\/td><td>Baumarkt<\/td><td><br><\/td><\/tr><tr><\/tr><tr><\/tr><tr><\/tr><tr><\/tr><tr><\/tr><tr><\/tr><tr><\/tr><tr><\/tr><tr><\/tr><tr><td>2<\/td><td>Sechskant schrauben Maschinenschrauben DIN 933 M6 V2A Edelstahl x 20mm<\/td><td>Baumarkt oder ebay<\/td><td>Unbedingt mit Sechskant um die Montage zu vereinfachen.<\/td><\/tr><tr><\/tr><tr><\/tr><tr><\/tr><tr><\/tr><tr><\/tr><tr><\/tr><tr><\/tr><tr><\/tr><tr><\/tr><tr><td>1<\/td><td>Alu-Profil 1Meter mal 60mm\/25mm 2mm wand st\u00e4rke Die L\u00e4nge des Alu-Profils h\u00e4ngt von der Breite des Solarmoduls ab. Unser Solarmodul ist ca. 65cm \u201eschmal\u201c.<\/td><td>Baumarkt oder ebay<\/td><td>Kein geh\u00e4rtetes Alu<\/td><\/tr><tr><\/tr><tr><\/tr><tr><\/tr><tr><\/tr><tr><\/tr><tr><\/tr><tr><\/tr><tr><\/tr><tr><\/tr><tr><td>1<\/td><td>HSS Bohrer Hart 4mm<\/td><td>Baumarkt oder ebay<\/td><td>Gute Qualit\u00e4t!<\/td><\/tr><tr><\/tr><tr><\/tr><tr><\/tr><tr><\/tr><tr><\/tr><tr><\/tr><tr><\/tr><tr><\/tr><tr><\/tr><tr><td>1<\/td><td>HSS Bohrer Hart 6mm<\/td><td>Baumarkt oder ebay<\/td><td>Gute Qualit\u00e4t!<\/td><\/tr><tr><\/tr><tr><\/tr><tr><\/tr><tr><\/tr><tr><\/tr><tr><\/tr><tr><\/tr><tr><\/tr><tr><\/tr><tr><td>1<\/td><td>HSS Bohrer Hart 10mm<\/td><td>Baumarkt oder ebay<\/td><td>Gute Qualit\u00e4t!<\/td><\/tr><tr><\/tr><tr><\/tr><tr><\/tr><tr><\/tr><tr><\/tr><tr><\/tr><tr><\/tr><tr><\/tr><tr><\/tr><tr><td>1<\/td><td>Stahl Hands\u00e4ge<\/td><td>Baumarkt oder ebay<\/td><td><br><\/td><\/tr><tr><\/tr><tr><\/tr><tr><\/tr><tr><\/tr><tr><\/tr><tr><\/tr><tr><\/tr><tr><\/tr><tr><\/tr><tr><td>1<\/td><td>Schraubzwinge oder \u00e4hnlich zum Festhalten des Alu-Profils<\/td><td>Baumarkt oder ebay<\/td><td><br><\/td><\/tr><tr><\/tr><tr><\/tr><tr><\/tr><tr><\/tr><tr><\/tr><tr><\/tr><tr><\/tr><tr><\/tr><tr><\/tr><tr><td>1<\/td><td>Kleiner Wasser-Fester Stift<\/td><td>Baumarkt oder ebay<\/td><td><br><\/td><\/tr><tr><\/tr><tr><\/tr><tr><\/tr><tr><\/tr><tr><\/tr><tr><\/tr><tr><\/tr><tr><\/tr><tr><\/tr><tr><td>1<\/td><td>Geodreieck oder Linieal<\/td><td><br><\/td><td><br><\/td><\/tr><tr><\/tr><tr><\/tr><tr><\/tr><tr><\/tr><tr><\/tr><tr><\/tr><tr><\/tr><tr><\/tr><tr><\/tr><tr><td>1<\/td><td>Akku-Bohrer mit mehr als 12V<\/td><td>Baumarkt oder ebay<\/td><td>Ein einfaches exemplar tut es. Der im Beispiel verwendete Bohrere ist ca. 12 Jahre alt\u2026<\/td><\/tr><tr><\/tr><tr><\/tr><tr><\/tr><tr><\/tr><tr><\/tr><tr><\/tr><tr><\/tr><tr><\/tr><tr><\/tr><tr><td>1<\/td><td>Ein wenig 40ger Schleifpapier. (10cm x 10cm)<\/td><td><br><\/td><td><br><\/td><\/tr><\/tbody><\/table><\/figure>\n\n\n\n<p><a href=\"https:\/\/balkonsolarkiel.de\/wp-content\/uploads\/2023\/02\/Bauanleitung.pdf\" data-type=\"attachment\" data-id=\"118\" target=\"_blank\" rel=\"noreferrer noopener\">Zur gesamten Bauanleitung mit schritt f\u00fcr schritt Fotos als PDF-Dokument<\/a> <\/p>\n","protected":false},"excerpt":{"rendered":"<p>Zur gesamten Bauanleitung mit schritt f\u00fcr schritt Fotos als PDF-Dokument Um in jeder Wohnung eine Balkon-Solar-Anlage zu betreiben, haben wir eine Bauanleitung ausprobiert und stellen die Anleitung hier vor. Bitte Informieren Sie sich hier \u00fcber die allgemeinen Informationen zur Montage von Balkon-Solar-Anlagen. Wichtig dies ist eine Anleitung wir \u00fcbernehmen keine Haftung. Bitte bereitet den Zusammenbau [&hellip;]<\/p>\n","protected":false},"author":1,"featured_media":0,"parent":0,"menu_order":0,"comment_status":"closed","ping_status":"closed","template":"","meta":{"footnotes":""},"class_list":["post-108","page","type-page","status-publish","hentry"],"_links":{"self":[{"href":"https:\/\/balkonsolarkiel.de\/index.php\/wp-json\/wp\/v2\/pages\/108","targetHints":{"allow":["GET"]}}],"collection":[{"href":"https:\/\/balkonsolarkiel.de\/index.php\/wp-json\/wp\/v2\/pages"}],"about":[{"href":"https:\/\/balkonsolarkiel.de\/index.php\/wp-json\/wp\/v2\/types\/page"}],"author":[{"embeddable":true,"href":"https:\/\/balkonsolarkiel.de\/index.php\/wp-json\/wp\/v2\/users\/1"}],"replies":[{"embeddable":true,"href":"https:\/\/balkonsolarkiel.de\/index.php\/wp-json\/wp\/v2\/comments?post=108"}],"version-history":[{"count":11,"href":"https:\/\/balkonsolarkiel.de\/index.php\/wp-json\/wp\/v2\/pages\/108\/revisions"}],"predecessor-version":[{"id":461,"href":"https:\/\/balkonsolarkiel.de\/index.php\/wp-json\/wp\/v2\/pages\/108\/revisions\/461"}],"wp:attachment":[{"href":"https:\/\/balkonsolarkiel.de\/index.php\/wp-json\/wp\/v2\/media?parent=108"}],"curies":[{"name":"wp","href":"https:\/\/api.w.org\/{rel}","templated":true}]}}